{"id":181,"date":"2019-01-12T14:49:38","date_gmt":"2019-01-12T14:49:38","guid":{"rendered":"http:\/\/localhost:8888\/construction\/?page_id=181"},"modified":"2022-06-29T13:00:06","modified_gmt":"2022-06-29T13:00:06","slug":"spvgg08-vereinsgruendung","status":"publish","type":"page","link":"https:\/\/www.spielvereinigung08.de\/index.php\/spvgg08-vereinsgruendung\/","title":{"rendered":"Vereinsgr\u00fcndung"},"content":{"rendered":"<div id=\"pl-181\"  class=\"panel-layout\" ><div id=\"pg-181-0\"  class=\"panel-grid panel-no-style\" ><div id=\"pgc-181-0-0\"  class=\"panel-grid-cell\" ><div id=\"panel-181-0-0-0\" class=\"so-panel widget widget_black-studio-tinymce widget_black_studio_tinymce panel-first-child panel-last-child\" data-index=\"0\" ><h3 class=\"widget-title\"><span class=\"light\">Vereinsgr\u00fcndung<\/span><\/h3><div class=\"textwidget\"><p>Im November 2001 geschah etwas, was vor einigen Jahren niemand f\u00fcr m\u00f6glich gehalten h\u00e4tte: Die Verantwortlichen der beiden Bad Nauheimer Vereine SG Ostend und SV 06 trafen sich in angenehmer Runde in der \u201eBallerstubb\u201c auf dem Waldsportplatz, um \u00fcber die Gr\u00fcndung einer Fu\u00dfball-Spielgemeinschaft zu beratschlagen. Ausl\u00f6ser f\u00fcr dieses Gespr\u00e4ch war die Tatsache, dass die Vereine unter akutem Spielermangel litten. Der Start der 1. Mannschaft erfolgte in der Spielzeit 2002\/2003 als SG Bad Nauheim. Bereits ein Jahr fr\u00fcher, schlossen sich die beiden Jugendabteilungen zu einer Jugendspielgemeinschaft (JSG) zusammen.<\/p>\n<p>Am 14. M\u00e4rz 2008 haben sich die alteingesessenen Bad Nauheimer Vereine, der SV 06 Bad Nauheim e. V und die SG Ostend 1960 Bad Nauheim e. V. zur Spielvereinigung 08 Bad Nauheim e. V. zusammen geschlossen. Die Gr\u00fcndungsversammlung fand im Sportheim in Bad Nauheim statt.<br \/>\nEhmaliger Vorstand<br \/>\nWas vor zehn Jahren undenkbar erschien, ist heute Wirklichkeit geworden\u00ab, richtete der neue Vorsitzende Michel eine Ansprache an die Versammelten. Es habe Zeiten gegeben, da SV 06 und SGO wie Eintracht Frankfurt und Offenbacher Kickers gewesen seien - \u00bboder wie Feuer und Wasser\u00ab. Einige Zuh\u00f6rer schmunzelten: \u00bbStimmt!\u00ab. Wie anders das seit langem ist, verdeutlichte auch die Wahl der zwei Ehrenvorsitzenden: Es sind die fr\u00fcheren, langj\u00e4hrigen Club-Chefs Hans-Dieter Hagenow und Hans Alfred Steuer.<\/p>\n<p>&nbsp;<\/p>\n<\/div><\/div><\/div><div id=\"pgc-181-0-1\"  class=\"panel-grid-cell\" ><div id=\"panel-181-0-1-0\" class=\"so-panel widget widget_media_image panel-first-child panel-last-child\" data-index=\"1\" ><h3 class=\"widget-title\"><span class=\"light\">Spvgg<\/span> 08 e.V. Gr\u00fcndung<\/h3><img fetchpriority=\"high\" decoding=\"async\" width=\"464\" height=\"490\" src=\"https:\/\/www.spielvereinigung08.de\/wp-content\/uploads\/2022\/06\/Platzhalter.jpg\" class=\"image wp-image-7510  attachment-full size-full\" alt=\"\" style=\"max-width: 100%; height: auto;\" srcset=\"https:\/\/www.spielvereinigung08.de\/wp-content\/uploads\/2022\/06\/Platzhalter.jpg 464w, https:\/\/www.spielvereinigung08.de\/wp-content\/uploads\/2022\/06\/Platzhalter-284x300.jpg 284w\" sizes=\"(max-width: 464px) 100vw, 464px\" \/><\/div><\/div><\/div><div id=\"pg-181-1\"  class=\"panel-grid panel-no-style\" ><div id=\"pgc-181-1-0\"  class=\"panel-grid-cell\" ><div id=\"panel-181-1-0-0\" class=\"so-panel widget widget_text panel-first-child panel-last-child\" data-index=\"2\" >\t\t\t<div class=\"textwidget\"><p><div class=\"dropcap-wrap\"><div class=\"dropcap-pull\"><span class=\"dropcap style1\">1906<\/span><\/div><span class=\"dropcap-title\"> Gr\u00fcndung der SV 06 Bad Nauheim<\/span><\/div>An einem M\u00e4rzsonntag des Jahres 1906 machten sechs M\u00e4nner ihren gewohnten Sonntagspaziergang. Die lebhafte Aussprache bei diesem Spaziergang hatte den Erfolg, dass alle f\u00fcr die Gr\u00fcndung eines Fu\u00dfballvereins waren.<\/p>\n<\/div>\n\t\t<\/div><\/div><div id=\"pgc-181-1-1\"  class=\"panel-grid-cell\" ><div id=\"panel-181-1-1-0\" class=\"so-panel widget widget_text panel-first-child panel-last-child\" data-index=\"3\" >\t\t\t<div class=\"textwidget\"><p><div class=\"dropcap-wrap\"><div class=\"dropcap-pull\"><span class=\"dropcap style1\">1979<\/span><\/div><span class=\"dropcap-title\"> 1. Versammlung<\/span><\/div>Am 30.M\u00e4rz 1979 wurde im Cafe Bingel amMatrktplatz die Gr\u00fcndungsversammlung von 14 Gr\u00fcndungsmitgliedern abgehalten<\/p>\n<\/div>\n\t\t<\/div><\/div><div id=\"pgc-181-1-2\"  class=\"panel-grid-cell\" ><div id=\"panel-181-1-2-0\" class=\"so-panel widget widget_text panel-first-child panel-last-child\" data-index=\"4\" >\t\t\t<div class=\"textwidget\"><p><div class=\"dropcap-wrap\"><div class=\"dropcap-pull\"><span class=\"dropcap style1\">2008<\/span><\/div><span class=\"dropcap-title\"> Vereinsgr\u00fcndung<\/span><\/div>Am 14. M\u00e4rz 2008 haben sich die alteingesessenen Bad Nauheimer Vereine, der SV 06 Bad Nauheim e. V und die SG Ostend 1960 Bad Nauheim e. V. zur Spielvereinigung 08 Bad Nauheim e. V. zusammen geschlossen. Die Gr\u00fcndungsversammlung fand im Sportheim in Bad Nauheim statt.<\/p>\n<\/div>\n\t\t<\/div><\/div><\/div><div id=\"pg-181-2\"  class=\"panel-grid panel-no-style\" ><div id=\"pgc-181-2-0\"  class=\"panel-grid-cell\" ><div id=\"panel-181-2-0-0\" class=\"so-panel widget widget_text panel-first-child panel-last-child\" data-index=\"5\" ><h3 class=\"widget-title\"><span class=\"light\">Bilderarchiv<\/span> Spvgg 08<\/h3>\t\t\t<div class=\"textwidget\"><\/div>\n\t\t<\/div><\/div><\/div><div id=\"pg-181-3\"  class=\"panel-grid panel-no-style\" ><div id=\"pgc-181-3-0\"  class=\"panel-grid-cell\" ><div id=\"panel-181-3-0-0\" class=\"so-panel widget widget_media_image panel-first-child panel-last-child\" data-index=\"6\" ><img decoding=\"async\" width=\"300\" height=\"199\" src=\"https:\/\/www.spielvereinigung08.de\/wp-content\/uploads\/2022\/06\/Vorstand1981-300x199.jpg\" class=\"image wp-image-7534  attachment-medium size-medium\" alt=\"\" style=\"max-width: 100%; height: auto;\" srcset=\"https:\/\/www.spielvereinigung08.de\/wp-content\/uploads\/2022\/06\/Vorstand1981-300x199.jpg 300w, https:\/\/www.spielvereinigung08.de\/wp-content\/uploads\/2022\/06\/Vorstand1981.jpg 306w\" sizes=\"(max-width: 300px) 100vw, 300px\" \/><\/div><\/div><div id=\"pgc-181-3-1\"  class=\"panel-grid-cell\" ><div id=\"panel-181-3-1-0\" class=\"so-panel widget widget_media_image panel-first-child panel-last-child\" data-index=\"7\" ><img decoding=\"async\" width=\"300\" height=\"199\" src=\"https:\/\/www.spielvereinigung08.de\/wp-content\/uploads\/2022\/06\/A-Jugend-1988-300x199.jpg\" class=\"image wp-image-7532  attachment-medium size-medium\" alt=\"\" style=\"max-width: 100%; height: auto;\" srcset=\"https:\/\/www.spielvereinigung08.de\/wp-content\/uploads\/2022\/06\/A-Jugend-1988-300x199.jpg 300w, https:\/\/www.spielvereinigung08.de\/wp-content\/uploads\/2022\/06\/A-Jugend-1988.jpg 306w\" sizes=\"(max-width: 300px) 100vw, 300px\" \/><\/div><\/div><div id=\"pgc-181-3-2\"  class=\"panel-grid-cell\" ><div id=\"panel-181-3-2-0\" class=\"so-panel widget widget_media_image panel-first-child panel-last-child\" data-index=\"8\" ><img loading=\"lazy\" decoding=\"async\" width=\"300\" height=\"199\" src=\"https:\/\/www.spielvereinigung08.de\/wp-content\/uploads\/2022\/06\/B-Jugend-1989-300x199.jpg\" class=\"image wp-image-7533  attachment-medium size-medium\" alt=\"\" style=\"max-width: 100%; height: auto;\" srcset=\"https:\/\/www.spielvereinigung08.de\/wp-content\/uploads\/2022\/06\/B-Jugend-1989-300x199.jpg 300w, https:\/\/www.spielvereinigung08.de\/wp-content\/uploads\/2022\/06\/B-Jugend-1989.jpg 306w\" sizes=\"(max-width: 300px) 100vw, 300px\" \/><\/div><\/div><\/div><div id=\"pg-181-4\"  class=\"panel-grid panel-no-style\" ><div id=\"pgc-181-4-0\"  class=\"panel-grid-cell\" ><div id=\"panel-181-4-0-0\" class=\"so-panel widget widget_media_image panel-first-child panel-last-child\" data-index=\"9\" ><img loading=\"lazy\" decoding=\"async\" width=\"300\" height=\"199\" src=\"https:\/\/www.spielvereinigung08.de\/wp-content\/uploads\/2022\/06\/Bild1-300x199.png\" class=\"image wp-image-7894  attachment-medium size-medium\" alt=\"\" style=\"max-width: 100%; height: auto;\" srcset=\"https:\/\/www.spielvereinigung08.de\/wp-content\/uploads\/2022\/06\/Bild1-300x199.png 300w, https:\/\/www.spielvereinigung08.de\/wp-content\/uploads\/2022\/06\/Bild1-360x240.png 360w, https:\/\/www.spielvereinigung08.de\/wp-content\/uploads\/2022\/06\/Bild1.png 500w\" sizes=\"(max-width: 300px) 100vw, 300px\" \/><\/div><\/div><div id=\"pgc-181-4-1\"  class=\"panel-grid-cell\" ><div id=\"panel-181-4-1-0\" class=\"so-panel widget widget_media_image panel-first-child panel-last-child\" data-index=\"10\" ><img loading=\"lazy\" decoding=\"async\" width=\"300\" height=\"199\" src=\"https:\/\/www.spielvereinigung08.de\/wp-content\/uploads\/2022\/06\/Bild2-300x199.png\" class=\"image wp-image-7895  attachment-medium size-medium\" alt=\"\" style=\"max-width: 100%; height: auto;\" srcset=\"https:\/\/www.spielvereinigung08.de\/wp-content\/uploads\/2022\/06\/Bild2-300x199.png 300w, https:\/\/www.spielvereinigung08.de\/wp-content\/uploads\/2022\/06\/Bild2-360x240.png 360w, https:\/\/www.spielvereinigung08.de\/wp-content\/uploads\/2022\/06\/Bild2.png 500w\" sizes=\"(max-width: 300px) 100vw, 300px\" \/><\/div><\/div><div id=\"pgc-181-4-2\"  class=\"panel-grid-cell\" ><div id=\"panel-181-4-2-0\" class=\"so-panel widget widget_media_image panel-first-child panel-last-child\" data-index=\"11\" ><img loading=\"lazy\" decoding=\"async\" width=\"300\" height=\"199\" src=\"https:\/\/www.spielvereinigung08.de\/wp-content\/uploads\/2022\/06\/Bild3-300x199.png\" class=\"image wp-image-7896  attachment-medium size-medium\" alt=\"\" style=\"max-width: 100%; height: auto;\" srcset=\"https:\/\/www.spielvereinigung08.de\/wp-content\/uploads\/2022\/06\/Bild3-300x199.png 300w, https:\/\/www.spielvereinigung08.de\/wp-content\/uploads\/2022\/06\/Bild3-360x240.png 360w, https:\/\/www.spielvereinigung08.de\/wp-content\/uploads\/2022\/06\/Bild3.png 500w\" sizes=\"(max-width: 300px) 100vw, 300px\" \/><\/div><\/div><\/div><div id=\"pg-181-5\"  class=\"panel-grid panel-no-style\" ><div id=\"pgc-181-5-0\"  class=\"panel-grid-cell\" ><div id=\"panel-181-5-0-0\" class=\"so-panel widget widget_media_image panel-first-child panel-last-child\" data-index=\"12\" ><img loading=\"lazy\" decoding=\"async\" width=\"300\" height=\"199\" src=\"https:\/\/www.spielvereinigung08.de\/wp-content\/uploads\/2022\/06\/Bild4-300x199.png\" class=\"image wp-image-7897  attachment-medium size-medium\" alt=\"\" style=\"max-width: 100%; height: auto;\" srcset=\"https:\/\/www.spielvereinigung08.de\/wp-content\/uploads\/2022\/06\/Bild4-300x199.png 300w, https:\/\/www.spielvereinigung08.de\/wp-content\/uploads\/2022\/06\/Bild4-360x240.png 360w, https:\/\/www.spielvereinigung08.de\/wp-content\/uploads\/2022\/06\/Bild4.png 500w\" sizes=\"(max-width: 300px) 100vw, 300px\" \/><\/div><\/div><div id=\"pgc-181-5-1\"  class=\"panel-grid-cell\" ><div id=\"panel-181-5-1-0\" class=\"so-panel widget widget_media_image panel-first-child panel-last-child\" data-index=\"13\" ><img loading=\"lazy\" decoding=\"async\" width=\"300\" height=\"199\" src=\"https:\/\/www.spielvereinigung08.de\/wp-content\/uploads\/2022\/06\/Bild5-300x199.png\" class=\"image wp-image-7898  attachment-medium size-medium\" alt=\"\" style=\"max-width: 100%; height: auto;\" srcset=\"https:\/\/www.spielvereinigung08.de\/wp-content\/uploads\/2022\/06\/Bild5-300x199.png 300w, https:\/\/www.spielvereinigung08.de\/wp-content\/uploads\/2022\/06\/Bild5-360x240.png 360w, https:\/\/www.spielvereinigung08.de\/wp-content\/uploads\/2022\/06\/Bild5.png 500w\" sizes=\"(max-width: 300px) 100vw, 300px\" \/><\/div><\/div><div id=\"pgc-181-5-2\"  class=\"panel-grid-cell\" ><div id=\"panel-181-5-2-0\" class=\"so-panel widget widget_media_image panel-first-child panel-last-child\" data-index=\"14\" ><img loading=\"lazy\" decoding=\"async\" width=\"300\" height=\"199\" src=\"https:\/\/www.spielvereinigung08.de\/wp-content\/uploads\/2022\/06\/Bild6-300x199.png\" class=\"image wp-image-7899  attachment-medium size-medium\" alt=\"\" style=\"max-width: 100%; height: auto;\" srcset=\"https:\/\/www.spielvereinigung08.de\/wp-content\/uploads\/2022\/06\/Bild6-300x199.png 300w, https:\/\/www.spielvereinigung08.de\/wp-content\/uploads\/2022\/06\/Bild6-360x240.png 360w, https:\/\/www.spielvereinigung08.de\/wp-content\/uploads\/2022\/06\/Bild6.png 500w\" sizes=\"(max-width: 300px) 100vw, 300px\" \/><\/div><\/div><\/div><div id=\"pg-181-6\"  class=\"panel-grid panel-no-style\" ><div id=\"pgc-181-6-0\"  class=\"panel-grid-cell\" ><div id=\"panel-181-6-0-0\" class=\"so-panel widget widget_media_image panel-first-child panel-last-child\" data-index=\"15\" ><img loading=\"lazy\" decoding=\"async\" width=\"300\" height=\"199\" src=\"https:\/\/www.spielvereinigung08.de\/wp-content\/uploads\/2022\/06\/Bild7-300x199.png\" class=\"image wp-image-7900  attachment-medium size-medium\" alt=\"\" style=\"max-width: 100%; height: auto;\" srcset=\"https:\/\/www.spielvereinigung08.de\/wp-content\/uploads\/2022\/06\/Bild7-300x199.png 300w, https:\/\/www.spielvereinigung08.de\/wp-content\/uploads\/2022\/06\/Bild7-360x240.png 360w, https:\/\/www.spielvereinigung08.de\/wp-content\/uploads\/2022\/06\/Bild7.png 500w\" sizes=\"(max-width: 300px) 100vw, 300px\" \/><\/div><\/div><div id=\"pgc-181-6-1\"  class=\"panel-grid-cell\" ><div id=\"panel-181-6-1-0\" class=\"so-panel widget widget_media_image panel-first-child panel-last-child\" data-index=\"16\" ><img loading=\"lazy\" decoding=\"async\" width=\"300\" height=\"199\" src=\"https:\/\/www.spielvereinigung08.de\/wp-content\/uploads\/2022\/06\/Bild8-300x199.png\" class=\"image wp-image-7901  attachment-medium size-medium\" alt=\"\" style=\"max-width: 100%; height: auto;\" srcset=\"https:\/\/www.spielvereinigung08.de\/wp-content\/uploads\/2022\/06\/Bild8-300x199.png 300w, https:\/\/www.spielvereinigung08.de\/wp-content\/uploads\/2022\/06\/Bild8-360x240.png 360w, https:\/\/www.spielvereinigung08.de\/wp-content\/uploads\/2022\/06\/Bild8.png 500w\" sizes=\"(max-width: 300px) 100vw, 300px\" \/><\/div><\/div><div id=\"pgc-181-6-2\"  class=\"panel-grid-cell\" ><div id=\"panel-181-6-2-0\" class=\"so-panel widget widget_media_image panel-first-child panel-last-child\" data-index=\"17\" ><img loading=\"lazy\" decoding=\"async\" width=\"300\" height=\"199\" src=\"https:\/\/www.spielvereinigung08.de\/wp-content\/uploads\/2022\/06\/Bild9-300x199.png\" class=\"image wp-image-7902  attachment-medium size-medium\" alt=\"\" style=\"max-width: 100%; height: auto;\" srcset=\"https:\/\/www.spielvereinigung08.de\/wp-content\/uploads\/2022\/06\/Bild9-300x199.png 300w, https:\/\/www.spielvereinigung08.de\/wp-content\/uploads\/2022\/06\/Bild9-360x240.png 360w, https:\/\/www.spielvereinigung08.de\/wp-content\/uploads\/2022\/06\/Bild9.png 500w\" sizes=\"(max-width: 300px) 100vw, 300px\" \/><\/div><\/div><\/div><div id=\"pg-181-7\"  class=\"panel-grid panel-has-style\" ><div class=\"siteorigin-panels-stretch panel-row-style panel-row-style-for-181-7\" data-stretch-type=\"full\" ><div id=\"pgc-181-7-0\"  class=\"panel-grid-cell\" ><div id=\"panel-181-7-0-0\" class=\"so-panel widget widget_qt_count_box widget-count-box panel-first-child panel-last-child\" data-index=\"18\" >\n\t\t\t<div class=\"counter count-box\">\n\t\t\t\t\t\t\t\t\t<div class=\"count-icon\">\n\t\t\t\t\t\t<i class=\"fa fas fa-basketball-ball\"><\/i>\n\t\t\t\t\t<\/div>\n\t\t\t\t\t\t\t\t<div class=\"count-text\">\n\t\t\t\t\t\t\t\t\t\t<span class=\"count-number\" data-to=\"2008\" data-speed=\"2000\">\n\t\t\t\t\t<\/span>\n\t\t\t\t\t\t\t\t\t\t<span class=\"count-title\">Gr\u00fcndungsjahr<\/span>\n\t\t\t\t<\/div>\n\t\t\t<\/div>\n\n\t\t\t<\/div><\/div><div id=\"pgc-181-7-1\"  class=\"panel-grid-cell\" ><div id=\"panel-181-7-1-0\" class=\"so-panel widget widget_qt_count_box widget-count-box panel-first-child panel-last-child\" data-index=\"19\" >\n\t\t\t<div class=\"counter count-box\">\n\t\t\t\t\t\t\t\t\t<div class=\"count-icon\">\n\t\t\t\t\t\t<i class=\"fa fas fa-user\"><\/i>\n\t\t\t\t\t<\/div>\n\t\t\t\t\t\t\t\t<div class=\"count-text\">\n\t\t\t\t\t\t\t\t\t\t<span class=\"count-number\" data-to=\"17\" data-speed=\"2000\">\n\t\t\t\t\t<\/span>\n\t\t\t\t\t\t\t\t\t\t<span class=\"count-title\">Manschaften<\/span>\n\t\t\t\t<\/div>\n\t\t\t<\/div>\n\n\t\t\t<\/div><\/div><div id=\"pgc-181-7-2\"  class=\"panel-grid-cell\" ><div id=\"panel-181-7-2-0\" class=\"so-panel widget widget_qt_count_box widget-count-box panel-first-child panel-last-child\" data-index=\"20\" >\n\t\t\t<div class=\"counter count-box\">\n\t\t\t\t\t\t\t\t\t<div class=\"count-icon\">\n\t\t\t\t\t\t<i class=\"fa fas fa-user-check\"><\/i>\n\t\t\t\t\t<\/div>\n\t\t\t\t\t\t\t\t<div class=\"count-text\">\n\t\t\t\t\t\t\t\t\t\t<span class=\"count-number\" data-to=\"3000\" data-speed=\"2000\">\n\t\t\t\t\t<\/span>\n\t\t\t\t\t\t\t\t\t\t\t<span class=\"count-after\">+<\/span>\n\t\t\t\t\t\t\t\t\t\t<span class=\"count-title\">Mitglieder<\/span>\n\t\t\t\t<\/div>\n\t\t\t<\/div>\n\n\t\t\t<\/div><\/div><div id=\"pgc-181-7-3\"  class=\"panel-grid-cell\" ><div id=\"panel-181-7-3-0\" class=\"so-panel widget widget_qt_count_box widget-count-box panel-first-child panel-last-child\" data-index=\"21\" >\n\t\t\t<div class=\"counter count-box\">\n\t\t\t\t\t\t\t\t\t<div class=\"count-icon\">\n\t\t\t\t\t\t<i class=\"fa fas fa-users\"><\/i>\n\t\t\t\t\t<\/div>\n\t\t\t\t\t\t\t\t<div class=\"count-text\">\n\t\t\t\t\t\t\t\t\t\t<span class=\"count-number\" data-to=\"3\" data-speed=\"2000\">\n\t\t\t\t\t<\/span>\n\t\t\t\t\t\t\t\t\t\t\t<span class=\"count-after\">+<\/span>\n\t\t\t\t\t\t\t\t\t\t<span class=\"count-title\">Senioren innen<\/span>\n\t\t\t\t<\/div>\n\t\t\t<\/div>\n\n\t\t\t<\/div><\/div><\/div><\/div><\/div>","protected":false},"excerpt":{"rendered":"<p>Curabitur sodales ligula in libero. Sed dignissim lacinia nunc. Curabitur tortor. Pellentesque nibh. Aenean quam. In scelerisque sem at dolor. Maecenas mattis. Sed convallis tristique sem. Proin ut ligula vel nunc egestas porttitor. Morbi lectus risus, iaculis vel, suscipit quis, luctus non, massa.<\/p>\n","protected":false},"author":1,"featured_media":0,"parent":0,"menu_order":0,"comment_status":"closed","ping_status":"closed","template":"","meta":{"_monsterinsights_skip_tracking":false,"_monsterinsights_sitenote_active":false,"_monsterinsights_sitenote_note":"","_monsterinsights_sitenote_category":0,"_EventAllDay":false,"_EventTimezone":"","_EventStartDate":"","_EventEndDate":"","_EventStartDateUTC":"","_EventEndDateUTC":"","_EventShowMap":false,"_EventShowMapLink":false,"_EventURL":"","_EventCost":"","_EventCostDescription":"","_EventCurrencySymbol":"","_EventCurrencyCode":"","_EventCurrencyPosition":"","_EventDateTimeSeparator":"","_EventTimeRangeSeparator":"","_EventOrganizerID":[],"_EventVenueID":[],"_OrganizerEmail":"","_OrganizerPhone":"","_OrganizerWebsite":"","_VenueAddress":"","_VenueCity":"","_VenueCountry":"","_VenueProvince":"","_VenueState":"","_VenueZip":"","_VenuePhone":"","_VenueURL":"","_VenueStateProvince":"","_VenueLat":"","_VenueLng":"","_VenueShowMap":false,"_VenueShowMapLink":false,"footnotes":""},"class_list":["post-181","page","type-page","status-publish","hentry"],"yoast_head":"<!-- This site is optimized with the Yoast SEO plugin v26.7 - https:\/\/yoast.com\/wordpress\/plugins\/seo\/ -->\n<title>Vereinsgr\u00fcndung - Spielvereinigung 08 eV.<\/title>\n<meta name=\"robots\" content=\"index, follow, max-snippet:-1, max-image-preview:large, max-video-preview:-1\" \/>\n<link rel=\"canonical\" href=\"https:\/\/www.spielvereinigung08.de\/index.php\/spvgg08-vereinsgruendung\/\" \/>\n<meta property=\"og:locale\" content=\"de_DE\" \/>\n<meta property=\"og:type\" content=\"article\" \/>\n<meta property=\"og:title\" content=\"Vereinsgr\u00fcndung - Spielvereinigung 08 eV.\" \/>\n<meta property=\"og:description\" content=\"Curabitur sodales ligula in libero. Sed dignissim lacinia nunc. Curabitur tortor. Pellentesque nibh. Aenean quam. In scelerisque sem at dolor. Maecenas mattis. Sed convallis tristique sem. Proin ut ligula vel nunc egestas porttitor. Morbi lectus risus, iaculis vel, suscipit quis, luctus non, massa.\" \/>\n<meta property=\"og:url\" content=\"https:\/\/www.spielvereinigung08.de\/index.php\/spvgg08-vereinsgruendung\/\" \/>\n<meta property=\"og:site_name\" content=\"Spielvereinigung 08 eV.\" \/>\n<meta property=\"article:modified_time\" content=\"2022-06-29T13:00:06+00:00\" \/>\n<meta name=\"twitter:card\" content=\"summary_large_image\" \/>\n<meta name=\"twitter:label1\" content=\"Gesch\u00e4tzte Lesezeit\" \/>\n\t<meta name=\"twitter:data1\" content=\"2\u00a0Minuten\" \/>\n<script type=\"application\/ld+json\" class=\"yoast-schema-graph\">{\"@context\":\"https:\/\/schema.org\",\"@graph\":[{\"@type\":\"WebPage\",\"@id\":\"https:\/\/www.spielvereinigung08.de\/index.php\/spvgg08-vereinsgruendung\/\",\"url\":\"https:\/\/www.spielvereinigung08.de\/index.php\/spvgg08-vereinsgruendung\/\",\"name\":\"Vereinsgr\u00fcndung - Spielvereinigung 08 eV.\",\"isPartOf\":{\"@id\":\"https:\/\/www.spielvereinigung08.de\/#website\"},\"datePublished\":\"2019-01-12T14:49:38+00:00\",\"dateModified\":\"2022-06-29T13:00:06+00:00\",\"breadcrumb\":{\"@id\":\"https:\/\/www.spielvereinigung08.de\/index.php\/spvgg08-vereinsgruendung\/#breadcrumb\"},\"inLanguage\":\"de\",\"potentialAction\":[{\"@type\":\"ReadAction\",\"target\":[\"https:\/\/www.spielvereinigung08.de\/index.php\/spvgg08-vereinsgruendung\/\"]}]},{\"@type\":\"BreadcrumbList\",\"@id\":\"https:\/\/www.spielvereinigung08.de\/index.php\/spvgg08-vereinsgruendung\/#breadcrumb\",\"itemListElement\":[{\"@type\":\"ListItem\",\"position\":1,\"name\":\"Startseite\",\"item\":\"https:\/\/www.spielvereinigung08.de\/\"},{\"@type\":\"ListItem\",\"position\":2,\"name\":\"Vereinsgr\u00fcndung\"}]},{\"@type\":\"WebSite\",\"@id\":\"https:\/\/www.spielvereinigung08.de\/#website\",\"url\":\"https:\/\/www.spielvereinigung08.de\/\",\"name\":\"Spielvereinigung 08 eV.\",\"description\":\"Fussball mit Herz und Seele\",\"potentialAction\":[{\"@type\":\"SearchAction\",\"target\":{\"@type\":\"EntryPoint\",\"urlTemplate\":\"https:\/\/www.spielvereinigung08.de\/?s={search_term_string}\"},\"query-input\":{\"@type\":\"PropertyValueSpecification\",\"valueRequired\":true,\"valueName\":\"search_term_string\"}}],\"inLanguage\":\"de\"}]}<\/script>\n<!-- \/ Yoast SEO plugin. -->","yoast_head_json":{"title":"Vereinsgr\u00fcndung - Spielvereinigung 08 eV.","robots":{"index":"index","follow":"follow","max-snippet":"max-snippet:-1","max-image-preview":"max-image-preview:large","max-video-preview":"max-video-preview:-1"},"canonical":"https:\/\/www.spielvereinigung08.de\/index.php\/spvgg08-vereinsgruendung\/","og_locale":"de_DE","og_type":"article","og_title":"Vereinsgr\u00fcndung - Spielvereinigung 08 eV.","og_description":"Curabitur sodales ligula in libero. Sed dignissim lacinia nunc. Curabitur tortor. Pellentesque nibh. Aenean quam. In scelerisque sem at dolor. Maecenas mattis. Sed convallis tristique sem. Proin ut ligula vel nunc egestas porttitor. Morbi lectus risus, iaculis vel, suscipit quis, luctus non, massa.","og_url":"https:\/\/www.spielvereinigung08.de\/index.php\/spvgg08-vereinsgruendung\/","og_site_name":"Spielvereinigung 08 eV.","article_modified_time":"2022-06-29T13:00:06+00:00","twitter_card":"summary_large_image","twitter_misc":{"Gesch\u00e4tzte Lesezeit":"2\u00a0Minuten"},"schema":{"@context":"https:\/\/schema.org","@graph":[{"@type":"WebPage","@id":"https:\/\/www.spielvereinigung08.de\/index.php\/spvgg08-vereinsgruendung\/","url":"https:\/\/www.spielvereinigung08.de\/index.php\/spvgg08-vereinsgruendung\/","name":"Vereinsgr\u00fcndung - Spielvereinigung 08 eV.","isPartOf":{"@id":"https:\/\/www.spielvereinigung08.de\/#website"},"datePublished":"2019-01-12T14:49:38+00:00","dateModified":"2022-06-29T13:00:06+00:00","breadcrumb":{"@id":"https:\/\/www.spielvereinigung08.de\/index.php\/spvgg08-vereinsgruendung\/#breadcrumb"},"inLanguage":"de","potentialAction":[{"@type":"ReadAction","target":["https:\/\/www.spielvereinigung08.de\/index.php\/spvgg08-vereinsgruendung\/"]}]},{"@type":"BreadcrumbList","@id":"https:\/\/www.spielvereinigung08.de\/index.php\/spvgg08-vereinsgruendung\/#breadcrumb","itemListElement":[{"@type":"ListItem","position":1,"name":"Startseite","item":"https:\/\/www.spielvereinigung08.de\/"},{"@type":"ListItem","position":2,"name":"Vereinsgr\u00fcndung"}]},{"@type":"WebSite","@id":"https:\/\/www.spielvereinigung08.de\/#website","url":"https:\/\/www.spielvereinigung08.de\/","name":"Spielvereinigung 08 eV.","description":"Fussball mit Herz und Seele","potentialAction":[{"@type":"SearchAction","target":{"@type":"EntryPoint","urlTemplate":"https:\/\/www.spielvereinigung08.de\/?s={search_term_string}"},"query-input":{"@type":"PropertyValueSpecification","valueRequired":true,"valueName":"search_term_string"}}],"inLanguage":"de"}]}},"_links":{"self":[{"href":"https:\/\/www.spielvereinigung08.de\/index.php\/wp-json\/wp\/v2\/pages\/181","targetHints":{"allow":["GET"]}}],"collection":[{"href":"https:\/\/www.spielvereinigung08.de\/index.php\/wp-json\/wp\/v2\/pages"}],"about":[{"href":"https:\/\/www.spielvereinigung08.de\/index.php\/wp-json\/wp\/v2\/types\/page"}],"author":[{"embeddable":true,"href":"https:\/\/www.spielvereinigung08.de\/index.php\/wp-json\/wp\/v2\/users\/1"}],"replies":[{"embeddable":true,"href":"https:\/\/www.spielvereinigung08.de\/index.php\/wp-json\/wp\/v2\/comments?post=181"}],"version-history":[{"count":45,"href":"https:\/\/www.spielvereinigung08.de\/index.php\/wp-json\/wp\/v2\/pages\/181\/revisions"}],"predecessor-version":[{"id":7949,"href":"https:\/\/www.spielvereinigung08.de\/index.php\/wp-json\/wp\/v2\/pages\/181\/revisions\/7949"}],"wp:attachment":[{"href":"https:\/\/www.spielvereinigung08.de\/index.php\/wp-json\/wp\/v2\/media?parent=181"}],"curies":[{"name":"wp","href":"https:\/\/api.w.org\/{rel}","templated":true}]}}