{"id":667,"date":"2015-07-22T16:36:54","date_gmt":"2015-07-22T16:36:54","guid":{"rendered":"http:\/\/localhost:8888\/construction\/?page_id=667"},"modified":"2026-03-27T09:51:58","modified_gmt":"2026-03-27T09:51:58","slug":"vorstand-spvgg-08-e-v-bad-nauheim","status":"publish","type":"page","link":"https:\/\/www.spielvereinigung08.de\/index.php\/vorstand-spvgg-08-e-v-bad-nauheim\/","title":{"rendered":"Vorstand"},"content":{"rendered":"<div id=\"pl-667\"  class=\"panel-layout\" ><div id=\"pg-667-0\"  class=\"panel-grid panel-no-style\" ><div id=\"pgc-667-0-0\"  class=\"panel-grid-cell\" ><div id=\"panel-667-0-0-0\" class=\"so-panel widget widget_black-studio-tinymce widget_black_studio_tinymce panel-first-child panel-last-child\" data-index=\"0\" ><h3 class=\"widget-title\"><span class=\"light\">Der<\/span> neue Vorstand der Spvgg 08 e.V. Bad Nauheim<\/h3><div class=\"textwidget\"><p>Die Spvgg. 08 e.V. Bad Nauheim hat nun einen Weg beschritten, der sich wachsender Beliebtheit zu erfreuen scheint. Die traditionellen Vereinsstrukturen mit dem Vorsitzenden an der Spitze, seinem Stellvertreter sowie Kassierer und Schriftf\u00fchrer wurden aufgeweicht. Die \u00bbNullachter\u00ab haben nicht weniger als 17 Personen ins neue Gremium berufen.<\/p>\n<p>Vertretungsberechtigt sind Peter Schenker (Leitung Fu\u00dfball), Alexander B\u00f6nsel (Leitung Frauen- und M\u00e4dchenfu\u00dfball) und Lars Torgau (1. Kassierer) - und zwar auf gleicher Ebene.<\/p>\n<\/div><\/div><\/div><div id=\"pgc-667-0-1\"  class=\"panel-grid-cell\" ><div id=\"panel-667-0-1-0\" class=\"so-panel widget widget_media_image panel-first-child panel-last-child\" data-index=\"1\" ><img fetchpriority=\"high\" decoding=\"async\" width=\"2560\" height=\"1707\" src=\"https:\/\/www.spielvereinigung08.de\/wp-content\/uploads\/2024\/11\/Vorstand24-scaled.jpg\" class=\"image wp-image-9597  attachment-full size-full\" alt=\"\" style=\"max-width: 100%; height: auto;\" srcset=\"https:\/\/www.spielvereinigung08.de\/wp-content\/uploads\/2024\/11\/Vorstand24-scaled.jpg 2560w, https:\/\/www.spielvereinigung08.de\/wp-content\/uploads\/2024\/11\/Vorstand24-300x200.jpg 300w, https:\/\/www.spielvereinigung08.de\/wp-content\/uploads\/2024\/11\/Vorstand24-1024x683.jpg 1024w, https:\/\/www.spielvereinigung08.de\/wp-content\/uploads\/2024\/11\/Vorstand24-768x512.jpg 768w, https:\/\/www.spielvereinigung08.de\/wp-content\/uploads\/2024\/11\/Vorstand24-1536x1024.jpg 1536w, https:\/\/www.spielvereinigung08.de\/wp-content\/uploads\/2024\/11\/Vorstand24-2048x1365.jpg 2048w, https:\/\/www.spielvereinigung08.de\/wp-content\/uploads\/2024\/11\/Vorstand24-850x567.jpg 850w, https:\/\/www.spielvereinigung08.de\/wp-content\/uploads\/2024\/11\/Vorstand24-360x240.jpg 360w, https:\/\/www.spielvereinigung08.de\/wp-content\/uploads\/2024\/11\/Vorstand24-600x400.jpg 600w\" sizes=\"(max-width: 2560px) 100vw, 2560px\" \/><\/div><\/div><\/div><div id=\"pg-667-1\"  class=\"panel-grid panel-no-style\" ><div id=\"pgc-667-1-0\"  class=\"panel-grid-cell\" ><div id=\"panel-667-1-0-0\" class=\"widget_text so-panel widget widget_custom_html panel-first-child panel-last-child\" data-index=\"2\" ><div class=\"textwidget custom-html-widget\"><!DOCTYPE html>\n<html lang=\"de\">\n<head>\n    <meta charset=\"UTF-8\">\n    <meta name=\"viewport\" content=\"width=device-width, initial-scale=1.0\">\n    <title>Vorstand der Spvgg 08 e.V. Bad Nauheim<\/title>\n    <style>\n        body {\n            font-family: Arial, sans-serif;\n            margin: 20px;\n            background-color: #f5f5f5;\n            color: #333;\n        }\n\n        h1 {\n            text-align: center;\n            margin-bottom: 20px;\n        }\n\n        .board-container {\n            display: grid;\n            grid-template-columns: repeat(auto-fit, minmax(200px, 1fr));\n            gap: 20px;\n            max-width: 1200px;\n            margin: 0 auto;\n        }\n\n        .member {\n            background: #fff;\n            border: 1px solid #ddd;\n            border-radius: 8px;\n            text-align: center;\n            padding: 15px;\n            box-shadow: 0 4px 6px rgba(0, 0, 0, 0.1);\n        }\n\n        .member img {\n            width: 100%;\n            max-width: 200px;\n            height: auto;\n            border-radius: 8px;\n            object-fit: cover;\n        }\n\n        .member h2 {\n            font-size: 16px;\n            margin: 10px 0;\n        }\n\n        .member p {\n            margin: 5px 0;\n            font-size: 14px;\n        }\n\n        .member a {\n            color: #007bff;\n            text-decoration: none;\n            font-size: 14px;\n        }\n\n        .member a:hover {\n            text-decoration: underline;\n        }\n    <\/style>\n<\/head>\n<body>\n    <h1>Vorstand der Spvgg 08 e.V. Bad Nauheim<\/h1>\n    <div class=\"board-container\">\n        <!-- Mitglieder werden dynamisch hinzugef\u00fcgt -->\n    <\/div>\n\n    <script>\n        const members = [\n            { vorname: \"Peter\", nachname: \"Schenker\", position: \"Abteilungsleiter Fussball\", telefon: \"0173-6999498\", email: \"P.Schenker@fraport-ausbau-sued.de\", bild: \"https:\/\/www.spielvereinigung08.de\/wp-content\/uploads\/2022\/06\/Peter.jpg\" },\n            { vorname: \"Doreen\", nachname: \"St\u00f6ber\", position: \"2. Kassenwartin\", telefon: \"0176-53943001\", email: \"xxxxx\", bild: \"https:\/\/www.spielvereinigung08.de\/wp-content\/uploads\/2023\/11\/Arienne.jpg\" },\n            { vorname: \"Lars\", nachname: \"Torgau\", position: \"Jugendleiter & 1.Kassenwart\", telefon: \"0176 - 52916072\", email: \"jugendleiter1@spvgg08.de\", bild: \"https:\/\/www.spielvereinigung08.de\/wp-content\/uploads\/2022\/06\/Lars.jpg\" },\n            { vorname: \"Simo\", nachname: \"El Khalfi\", position: \"Stv. Jugendleiter\", telefon: \"0173-5653173\", email: \"elkhalfi@seo-informationen.de\", bild: \"https:\/\/www.spielvereinigung08.de\/wp-content\/uploads\/2023\/03\/simo.jpg\" },\n            { vorname: \"Alex\", nachname: \"B\u00f6nsel\", position: \"Abteilungsleiter Frauen und M\u00e4dchenfussball\", telefon: \"0177-2688035\", email: \"a.boensel@outlook.de\", bild: \"https:\/\/www.spielvereinigung08.de\/wp-content\/uploads\/2024\/11\/Alex-boensel3.jpg\" },\n\t\t\t{ vorname: \"Dirk\", nachname: \"Schneider\", position: \"Stv. Abteilungsleiter Frauen und M\u00e4dchenfussball\", telefon: \"0173 3476809\", email: \"Ddschneider@web.de\", bild: \"https:\/\/www.spielvereinigung08.de\/wp-content\/uploads\/2024\/11\/dirk-schneider2.jpg\" },\n            { vorname: \"Stephan\", nachname: \"Brannek\u00e4mper\", position: \"SOMA Obmann\", telefon: \"0163-6180715\", email: \"S.Brannekaemper@t-online.de\", bild: \"https:\/\/www.spielvereinigung08.de\/wp-content\/uploads\/2024\/11\/Stephan-Brannekaemper2.jpg\" },\n            { vorname: \"Adnan\", nachname: \"Kayrakci\", position: \"Stv. SOMA-Obmann\", telefon: \"0177-1865834\", email: \"AdnanKayrakci@spielvereinigung08.de\", bild: \"https:\/\/www.spielvereinigung08.de\/wp-content\/uploads\/2022\/06\/Adnan.jpg\" },\n            { vorname: \"Tobias\", nachname: \"D\u00e4mon\", position: \"Mitgliederverwaltung Stv. SPA\", telefon: \"0172-2575667\", email: \"t.w1@gmx.net\", bild: \"https:\/\/www.spielvereinigung08.de\/wp-content\/uploads\/2022\/06\/Tobias.jpg\" },\n            { vorname: \"J\u00f6rn\", nachname: \"T\u00f6nni\u00dfen\", position: \"Beisitzer\", telefon: \"01590-5279619\", email: \"joern.toennissen@gmx.de\", bild: \"https:\/\/www.spielvereinigung08.de\/wp-content\/uploads\/2024\/11\/joern-Toennissen2.jpg\" },\n            { vorname: \"Detlev\", nachname: \"Schmidt\", position: \"Beisitzer\", telefon: \"0171 - 2671702\", email: \"Detlev.41@web.de\", bild: \"https:\/\/www.spielvereinigung08.de\/wp-content\/uploads\/2023\/03\/d.schmidt.jpg\" },\n            { vorname: \"Hans-J\u00fcrgen\", nachname: \"Zeeb\", position: \"Beisitzer\", telefon: \"0173-6529723\", email: \"jaipur@gmx.de\", bild: \"https:\/\/www.spielvereinigung08.de\/wp-content\/uploads\/2022\/06\/Hans-Juergen.jpg\" },\n            { vorname: \"David\", nachname: \"He\u00dfler\", position: \"Beisitzer\", telefon: \"\", email: \"davidhessler@spvgg08.de\", bild: \"https:\/\/www.spielvereinigung08.de\/wp-content\/uploads\/2024\/11\/David-Hessler2.jpg\" },\n            { vorname: \"Sebastian\", nachname: \"Usic\", position: \"Vereinsmanager\", telefon: \"0xxxxxxxxx\", email: \"vereinsmanagement@spvgg08.de\", bild: \"https:\/\/www.spielvereinigung08.de\/wp-content\/uploads\/2024\/11\/usic2.jpg\" }\n        ];\n\n        const container = document.querySelector('.board-container');\n\n        members.forEach(member => {\n            const memberDiv = document.createElement('div');\n            memberDiv.classList.add('member');\n            memberDiv.innerHTML = `\n                <img decoding=\"async\" src=\"${member.bild}\" alt=\"${member.vorname} ${member.nachname}\">\n                <h2>${member.vorname} ${member.nachname}<\/h2>\n                <p>${member.position}<\/p>\n                <p>Tel: ${member.telefon}<\/p>\n                <a href=\"mailto:${member.email}\">${member.email}<\/a>\n            `;\n            container.appendChild(memberDiv);\n        });\n    <\/script>\n<\/body>\n<\/html>\n<\/div><\/div><\/div><\/div><div id=\"pg-667-2\"  class=\"panel-grid panel-no-style\" ><div id=\"pgc-667-2-0\"  class=\"panel-grid-cell\" ><div id=\"panel-667-2-0-0\" class=\"so-panel widget widget_black-studio-tinymce widget_black_studio_tinymce panel-first-child panel-last-child\" data-index=\"3\" ><div class=\"textwidget\"><p><a href=\"http:\/\/export-xml.qreativethemes.com\/thelandscaper\/wp-content\/uploads\/sites\/2\/2015\/07\/img_divider.png\"><img decoding=\"async\" class=\"size-full wp-image-6403 aligncenter\" src=\"http:\/\/export-xml.qreativethemes.com\/thelandscaper\/wp-content\/uploads\/sites\/2\/2015\/07\/img_divider.png\" alt=\"img_divider\" width=\"1128\" height=\"14\" srcset=\"https:\/\/www.spielvereinigung08.de\/wp-content\/uploads\/2015\/07\/img_divider.png 1128w, https:\/\/www.spielvereinigung08.de\/wp-content\/uploads\/2015\/07\/img_divider-600x7.png 600w\" sizes=\"(max-width: 1128px) 100vw, 1128px\" \/><\/a><\/p>\n<\/div><\/div><\/div><\/div><div id=\"pg-667-3\"  class=\"panel-grid panel-no-style\" ><div id=\"pgc-667-3-0\"  class=\"panel-grid-cell\" ><div id=\"panel-667-3-0-0\" class=\"so-panel widget widget_black-studio-tinymce widget_black_studio_tinymce panel-first-child panel-last-child\" data-index=\"4\" ><div class=\"textwidget\"><h3>Wer wir sind und was wir machen<\/h3>\n<p>Spvgg 08 e.V. Bad Nauheim ist ein Traditionsfussballverein und einer der \u00e4lterste Verein im Wetterau<\/p>\n<p><span style=\"color: #a2c046; font-size: 18px;\"><span class=\"icon-wrap\"><i class=\"fa-check-circle-o\"><\/i><\/span><\/span>\u00a0 Der Fu\u00dfballverein mit der sch\u00f6nsten Sportanlage in der Wetterau.<br \/>\n<span style=\"color: #a2c046; font-size: 18px;\"><span class=\"icon-wrap\"><i class=\"fa-check-circle-o\"><\/i><\/span><\/span>\u00a0 17 Mannschaften<br \/>\n<span style=\"color: #a2c046; font-size: 18px;\"><span class=\"icon-wrap\"><i class=\"fa-check-circle-o\"><\/i><\/span><\/span>\u00a0 Ausrichtung: Jugendsport<br \/>\n<span style=\"color: #a2c046; font-size: 18px;\"><span class=\"icon-wrap\"><i class=\"fa-check-circle-o\"><\/i><\/span><\/span>\u00a0 Soziales Engagement<br \/>\n<span style=\"color: #a2c046; font-size: 18px;\"><span class=\"icon-wrap\"><i class=\"fa-check-circle-o\"><\/i><\/span><\/span>\u00a0 Viele Initiativen<\/p>\n<\/div><\/div><\/div><div id=\"pgc-667-3-1\"  class=\"panel-grid-cell\" ><div id=\"panel-667-3-1-0\" class=\"so-panel widget widget_qt_icon_box widget-icon-box panel-first-child\" data-index=\"5\" >\t\t\t\t<a class=\"icon-box icon-big\" href=\"#\" >\n\t\t\t\t\t\t\t\t\t\t\t\t<i class=\"fa fas fa-phone\"><\/i>\n\t\t\t\t\t\t\t\t\t\t\t\t\t<h6 class=\"title\">Rufen Sie uns an<\/h6>\n\t\t\t\t\t\t\t\t\t\t\t\t\t<span class=\"subtitle\">Sie uns jederzeit anrufen. Anmeldung, Sponsoring oder einfach Anregung<\/span>\n\t\t\t\t\t\t\t<\/a>\n\n\t\t\t<\/div><div id=\"panel-667-3-1-1\" class=\"so-panel widget widget_qt_icon_box widget-icon-box panel-last-child\" data-index=\"6\" >\t\t\t\t<a class=\"icon-box icon-big\" href=\"#\" >\n\t\t\t\t\t\t\t\t\t\t\t\t<i class=\"fa far fa-calendar-alt\"><\/i>\n\t\t\t\t\t\t\t\t\t\t\t\t\t<h6 class=\"title\">Nachricht schreiben<\/h6>\n\t\t\t\t\t\t\t\t\t\t\t\t\t<span class=\"subtitle\">\u00dcber unser Kontaktformular k\u00f6nnen Sie uns jederzeit eine Nachricht schicken <\/span>\n\t\t\t\t\t\t\t<\/a>\n\n\t\t\t<\/div><\/div><\/div><\/div>","protected":false},"excerpt":{"rendered":"<p>Die Spvgg. 08 e.V. Bad Nauheim hat nun einen Weg beschritten, der sich wachsender Beliebtheit zu erfreuen scheint. Die traditionellen Vereinsstrukturen mit dem Vorsitzenden an der Spitze, seinem Stellvertreter sowie [&hellip;]<\/p>\n","protected":false},"author":1,"featured_media":9597,"parent":0,"menu_order":0,"comment_status":"closed","ping_status":"closed","template":"","meta":{"_monsterinsights_skip_tracking":false,"_monsterinsights_sitenote_active":false,"_monsterinsights_sitenote_note":"","_monsterinsights_sitenote_category":0,"_EventAllDay":false,"_EventTimezone":"","_EventStartDate":"","_EventEndDate":"","_EventStartDateUTC":"","_EventEndDateUTC":"","_EventShowMap":false,"_EventShowMapLink":false,"_EventURL":"","_EventCost":"","_EventCostDescription":"","_EventCurrencySymbol":"","_EventCurrencyCode":"","_EventCurrencyPosition":"","_EventDateTimeSeparator":"","_EventTimeRangeSeparator":"","_EventOrganizerID":[],"_EventVenueID":[],"_OrganizerEmail":"","_OrganizerPhone":"","_OrganizerWebsite":"","_VenueAddress":"","_VenueCity":"","_VenueCountry":"","_VenueProvince":"","_VenueState":"","_VenueZip":"","_VenuePhone":"","_VenueURL":"","_VenueStateProvince":"","_VenueLat":"","_VenueLng":"","_VenueShowMap":false,"_VenueShowMapLink":false,"footnotes":""},"class_list":["post-667","page","type-page","status-publish","has-post-thumbnail","hentry"],"yoast_head":"<!-- This site is optimized with the Yoast SEO plugin v26.7 - https:\/\/yoast.com\/wordpress\/plugins\/seo\/ -->\n<title>Vorstand - Spielvereinigung 08 eV.<\/title>\n<meta name=\"robots\" content=\"index, follow, max-snippet:-1, max-image-preview:large, max-video-preview:-1\" \/>\n<link rel=\"canonical\" href=\"https:\/\/www.spielvereinigung08.de\/index.php\/vorstand-spvgg-08-e-v-bad-nauheim\/\" \/>\n<meta property=\"og:locale\" content=\"de_DE\" \/>\n<meta property=\"og:type\" content=\"article\" \/>\n<meta property=\"og:title\" content=\"Vorstand - Spielvereinigung 08 eV.\" \/>\n<meta property=\"og:description\" content=\"Die Spvgg. 08 e.V. Bad Nauheim hat nun einen Weg beschritten, der sich wachsender Beliebtheit zu erfreuen scheint. Die traditionellen Vereinsstrukturen mit dem Vorsitzenden an der Spitze, seinem Stellvertreter sowie [&hellip;]\" \/>\n<meta property=\"og:url\" content=\"https:\/\/www.spielvereinigung08.de\/index.php\/vorstand-spvgg-08-e-v-bad-nauheim\/\" \/>\n<meta property=\"og:site_name\" content=\"Spielvereinigung 08 eV.\" \/>\n<meta property=\"article:modified_time\" content=\"2026-03-27T09:51:58+00:00\" \/>\n<meta property=\"og:image\" content=\"https:\/\/www.spielvereinigung08.de\/wp-content\/uploads\/2024\/11\/Vorstand24-scaled.jpg\" \/>\n\t<meta property=\"og:image:width\" content=\"2560\" \/>\n\t<meta property=\"og:image:height\" content=\"1707\" \/>\n\t<meta property=\"og:image:type\" content=\"image\/jpeg\" \/>\n<meta name=\"twitter:card\" content=\"summary_large_image\" \/>\n<meta name=\"twitter:label1\" content=\"Gesch\u00e4tzte Lesezeit\" \/>\n\t<meta name=\"twitter:data1\" content=\"2\u00a0Minuten\" \/>\n<script type=\"application\/ld+json\" class=\"yoast-schema-graph\">{\"@context\":\"https:\/\/schema.org\",\"@graph\":[{\"@type\":\"WebPage\",\"@id\":\"https:\/\/www.spielvereinigung08.de\/index.php\/vorstand-spvgg-08-e-v-bad-nauheim\/\",\"url\":\"https:\/\/www.spielvereinigung08.de\/index.php\/vorstand-spvgg-08-e-v-bad-nauheim\/\",\"name\":\"Vorstand - Spielvereinigung 08 eV.\",\"isPartOf\":{\"@id\":\"https:\/\/www.spielvereinigung08.de\/#website\"},\"primaryImageOfPage\":{\"@id\":\"https:\/\/www.spielvereinigung08.de\/index.php\/vorstand-spvgg-08-e-v-bad-nauheim\/#primaryimage\"},\"image\":{\"@id\":\"https:\/\/www.spielvereinigung08.de\/index.php\/vorstand-spvgg-08-e-v-bad-nauheim\/#primaryimage\"},\"thumbnailUrl\":\"https:\/\/www.spielvereinigung08.de\/wp-content\/uploads\/2024\/11\/Vorstand24-scaled.jpg\",\"datePublished\":\"2015-07-22T16:36:54+00:00\",\"dateModified\":\"2026-03-27T09:51:58+00:00\",\"breadcrumb\":{\"@id\":\"https:\/\/www.spielvereinigung08.de\/index.php\/vorstand-spvgg-08-e-v-bad-nauheim\/#breadcrumb\"},\"inLanguage\":\"de\",\"potentialAction\":[{\"@type\":\"ReadAction\",\"target\":[\"https:\/\/www.spielvereinigung08.de\/index.php\/vorstand-spvgg-08-e-v-bad-nauheim\/\"]}]},{\"@type\":\"ImageObject\",\"inLanguage\":\"de\",\"@id\":\"https:\/\/www.spielvereinigung08.de\/index.php\/vorstand-spvgg-08-e-v-bad-nauheim\/#primaryimage\",\"url\":\"https:\/\/www.spielvereinigung08.de\/wp-content\/uploads\/2024\/11\/Vorstand24-scaled.jpg\",\"contentUrl\":\"https:\/\/www.spielvereinigung08.de\/wp-content\/uploads\/2024\/11\/Vorstand24-scaled.jpg\",\"width\":2560,\"height\":1707},{\"@type\":\"BreadcrumbList\",\"@id\":\"https:\/\/www.spielvereinigung08.de\/index.php\/vorstand-spvgg-08-e-v-bad-nauheim\/#breadcrumb\",\"itemListElement\":[{\"@type\":\"ListItem\",\"position\":1,\"name\":\"Startseite\",\"item\":\"https:\/\/www.spielvereinigung08.de\/\"},{\"@type\":\"ListItem\",\"position\":2,\"name\":\"Vorstand\"}]},{\"@type\":\"WebSite\",\"@id\":\"https:\/\/www.spielvereinigung08.de\/#website\",\"url\":\"https:\/\/www.spielvereinigung08.de\/\",\"name\":\"Spielvereinigung 08 eV.\",\"description\":\"Fussball mit Herz und Seele\",\"potentialAction\":[{\"@type\":\"SearchAction\",\"target\":{\"@type\":\"EntryPoint\",\"urlTemplate\":\"https:\/\/www.spielvereinigung08.de\/?s={search_term_string}\"},\"query-input\":{\"@type\":\"PropertyValueSpecification\",\"valueRequired\":true,\"valueName\":\"search_term_string\"}}],\"inLanguage\":\"de\"}]}<\/script>\n<!-- \/ Yoast SEO plugin. -->","yoast_head_json":{"title":"Vorstand - Spielvereinigung 08 eV.","robots":{"index":"index","follow":"follow","max-snippet":"max-snippet:-1","max-image-preview":"max-image-preview:large","max-video-preview":"max-video-preview:-1"},"canonical":"https:\/\/www.spielvereinigung08.de\/index.php\/vorstand-spvgg-08-e-v-bad-nauheim\/","og_locale":"de_DE","og_type":"article","og_title":"Vorstand - Spielvereinigung 08 eV.","og_description":"Die Spvgg. 08 e.V. Bad Nauheim hat nun einen Weg beschritten, der sich wachsender Beliebtheit zu erfreuen scheint. Die traditionellen Vereinsstrukturen mit dem Vorsitzenden an der Spitze, seinem Stellvertreter sowie [&hellip;]","og_url":"https:\/\/www.spielvereinigung08.de\/index.php\/vorstand-spvgg-08-e-v-bad-nauheim\/","og_site_name":"Spielvereinigung 08 eV.","article_modified_time":"2026-03-27T09:51:58+00:00","og_image":[{"width":2560,"height":1707,"url":"https:\/\/www.spielvereinigung08.de\/wp-content\/uploads\/2024\/11\/Vorstand24-scaled.jpg","type":"image\/jpeg"}],"twitter_card":"summary_large_image","twitter_misc":{"Gesch\u00e4tzte Lesezeit":"2\u00a0Minuten"},"schema":{"@context":"https:\/\/schema.org","@graph":[{"@type":"WebPage","@id":"https:\/\/www.spielvereinigung08.de\/index.php\/vorstand-spvgg-08-e-v-bad-nauheim\/","url":"https:\/\/www.spielvereinigung08.de\/index.php\/vorstand-spvgg-08-e-v-bad-nauheim\/","name":"Vorstand - Spielvereinigung 08 eV.","isPartOf":{"@id":"https:\/\/www.spielvereinigung08.de\/#website"},"primaryImageOfPage":{"@id":"https:\/\/www.spielvereinigung08.de\/index.php\/vorstand-spvgg-08-e-v-bad-nauheim\/#primaryimage"},"image":{"@id":"https:\/\/www.spielvereinigung08.de\/index.php\/vorstand-spvgg-08-e-v-bad-nauheim\/#primaryimage"},"thumbnailUrl":"https:\/\/www.spielvereinigung08.de\/wp-content\/uploads\/2024\/11\/Vorstand24-scaled.jpg","datePublished":"2015-07-22T16:36:54+00:00","dateModified":"2026-03-27T09:51:58+00:00","breadcrumb":{"@id":"https:\/\/www.spielvereinigung08.de\/index.php\/vorstand-spvgg-08-e-v-bad-nauheim\/#breadcrumb"},"inLanguage":"de","potentialAction":[{"@type":"ReadAction","target":["https:\/\/www.spielvereinigung08.de\/index.php\/vorstand-spvgg-08-e-v-bad-nauheim\/"]}]},{"@type":"ImageObject","inLanguage":"de","@id":"https:\/\/www.spielvereinigung08.de\/index.php\/vorstand-spvgg-08-e-v-bad-nauheim\/#primaryimage","url":"https:\/\/www.spielvereinigung08.de\/wp-content\/uploads\/2024\/11\/Vorstand24-scaled.jpg","contentUrl":"https:\/\/www.spielvereinigung08.de\/wp-content\/uploads\/2024\/11\/Vorstand24-scaled.jpg","width":2560,"height":1707},{"@type":"BreadcrumbList","@id":"https:\/\/www.spielvereinigung08.de\/index.php\/vorstand-spvgg-08-e-v-bad-nauheim\/#breadcrumb","itemListElement":[{"@type":"ListItem","position":1,"name":"Startseite","item":"https:\/\/www.spielvereinigung08.de\/"},{"@type":"ListItem","position":2,"name":"Vorstand"}]},{"@type":"WebSite","@id":"https:\/\/www.spielvereinigung08.de\/#website","url":"https:\/\/www.spielvereinigung08.de\/","name":"Spielvereinigung 08 eV.","description":"Fussball mit Herz und Seele","potentialAction":[{"@type":"SearchAction","target":{"@type":"EntryPoint","urlTemplate":"https:\/\/www.spielvereinigung08.de\/?s={search_term_string}"},"query-input":{"@type":"PropertyValueSpecification","valueRequired":true,"valueName":"search_term_string"}}],"inLanguage":"de"}]}},"_links":{"self":[{"href":"https:\/\/www.spielvereinigung08.de\/index.php\/wp-json\/wp\/v2\/pages\/667","targetHints":{"allow":["GET"]}}],"collection":[{"href":"https:\/\/www.spielvereinigung08.de\/index.php\/wp-json\/wp\/v2\/pages"}],"about":[{"href":"https:\/\/www.spielvereinigung08.de\/index.php\/wp-json\/wp\/v2\/types\/page"}],"author":[{"embeddable":true,"href":"https:\/\/www.spielvereinigung08.de\/index.php\/wp-json\/wp\/v2\/users\/1"}],"replies":[{"embeddable":true,"href":"https:\/\/www.spielvereinigung08.de\/index.php\/wp-json\/wp\/v2\/comments?post=667"}],"version-history":[{"count":113,"href":"https:\/\/www.spielvereinigung08.de\/index.php\/wp-json\/wp\/v2\/pages\/667\/revisions"}],"predecessor-version":[{"id":7551,"href":"https:\/\/www.spielvereinigung08.de\/index.php\/wp-json\/wp\/v2\/pages\/667\/revisions\/7551"}],"wp:featuredmedia":[{"embeddable":true,"href":"https:\/\/www.spielvereinigung08.de\/index.php\/wp-json\/wp\/v2\/media\/9597"}],"wp:attachment":[{"href":"https:\/\/www.spielvereinigung08.de\/index.php\/wp-json\/wp\/v2\/media?parent=667"}],"curies":[{"name":"wp","href":"https:\/\/api.w.org\/{rel}","templated":true}]}}