{"id":670,"date":"2015-07-22T16:37:29","date_gmt":"2015-07-22T16:37:29","guid":{"rendered":"http:\/\/localhost:8888\/construction\/?page_id=670"},"modified":"2025-12-02T09:45:30","modified_gmt":"2025-12-02T09:45:30","slug":"mitglied-werden","status":"publish","type":"page","link":"https:\/\/www.spielvereinigung08.de\/index.php\/mitglied-werden\/","title":{"rendered":"Mitglied werden"},"content":{"rendered":"<div id=\"pl-670\"  class=\"panel-layout\" ><div id=\"pg-670-0\"  class=\"panel-grid panel-no-style\" ><div id=\"pgc-670-0-0\"  class=\"panel-grid-cell\" ><div id=\"panel-670-0-0-0\" class=\"so-panel widget widget_black-studio-tinymce widget_black_studio_tinymce panel-first-child\" data-index=\"0\" ><div class=\"textwidget\"><h3>Alles was Sie f\u00fcr die Anmeldung Ihres Kindes bei uns im Verein ben\u00f6tigen:<\/h3>\n<\/div><\/div><div id=\"panel-670-0-0-1\" class=\"so-panel widget widget_qt_brochure widget-brochure\" data-index=\"1\" >\n\t\t\t<a href=\"https:\/\/www.spielvereinigung08.de\/wp-content\/uploads\/2025\/12\/Anmeldeunterlagen_12-2025.pdf\" class=\"brochure-box\" target=\"_blank\" rel=\"noopener\">\n\t\t\t\t\t\t\t\t\t<i class=\"fa far fa-file-pdf\"><\/i>\n\t\t\t\t\t\t\t\t<span>SpVgg08-Anmeldeunterlagen_2025<\/span>\n\t\t\t<\/a>\n\t\t\t\t\n\t\t\t<\/div><div id=\"panel-670-0-0-2\" class=\"so-panel widget widget_black-studio-tinymce widget_black_studio_tinymce\" data-index=\"2\" ><div class=\"textwidget\"><p><a href=\"http:\/\/export-xml.qreativethemes.com\/thelandscaper\/wp-content\/uploads\/sites\/2\/2015\/07\/img_divider.png\"><img decoding=\"async\" class=\"size-full wp-image-6403 aligncenter\" src=\"http:\/\/export-xml.qreativethemes.com\/thelandscaper\/wp-content\/uploads\/sites\/2\/2015\/07\/img_divider.png\" alt=\"img_divider\" width=\"1128\" height=\"14\" srcset=\"https:\/\/www.spielvereinigung08.de\/wp-content\/uploads\/2015\/07\/img_divider.png 1128w, https:\/\/www.spielvereinigung08.de\/wp-content\/uploads\/2015\/07\/img_divider-600x7.png 600w\" sizes=\"(max-width: 1128px) 100vw, 1128px\" \/><\/a><\/p>\n<\/div><\/div><div id=\"panel-670-0-0-3\" class=\"so-panel widget widget_black-studio-tinymce widget_black_studio_tinymce panel-last-child\" data-index=\"3\" ><div class=\"textwidget\"><h3>Beitrittserkl\u00e4rung, Beitragsordnung und Ehrenratsordnung zum Herunterlade<\/h3>\n<\/div><\/div><\/div><\/div><div id=\"pg-670-1\"  class=\"panel-grid panel-no-style\" ><div id=\"pgc-670-1-0\"  class=\"panel-grid-cell panel-grid-cell-empty\" ><\/div><\/div><div id=\"pg-670-2\"  class=\"panel-grid panel-no-style\" ><div id=\"pgc-670-2-0\"  class=\"panel-grid-cell\" ><div id=\"panel-670-2-0-0\" class=\"so-panel widget widget_text panel-first-child\" data-index=\"4\" >\t\t\t<div class=\"textwidget\"><div class=\"panel-group\" id=\"accordion-0\" data-panel=\"accordion-0\">\n    <div class=\"panel\"><div class=\"panel-heading\"><h3 class=\"panel-title\"><a class=\"accordion-toggle\" data-toggle=\"collapse\" data-parent=\"#accordion-0\" href=\"#collapse_0\" aria-expanded=\"true\">Beitrittserkl\u00e4rung<\/a><\/h3><\/div><div id=\"collapse_0\" class=\"panel-collapse collapse in\"><div class=\"panel-body\">Werden Sie jetzt Spvgg 08 Bad Nauheim e.V.-Mitglied! Unterst\u00fctzen Sie den Fu\u00dfball in Bad Nauheim, unterst\u00fctzen den Traditionsverein Spvgg 08 Bad Nauheim e.V. Laden Sie sich den aktuellen Mitgliedsantrag herunter und lassen uns diesen zukommen.<a href=\"https:\/\/www.spielvereinigung08.de\/wp-content\/uploads\/2025\/08\/Neue-Beitrittserklaerung_2025.pdf\">Beitrabserkl\u00e4rung herunterladen<\/a>\n    <div class=\"panel\"><div class=\"panel-heading\"><h3 class=\"panel-title\"><a class=\"accordion-toggle\" data-toggle=\"collapse\" data-parent=\"#accordion-0\" href=\"#collapse_1\" >Beitragsordnung<\/a><\/h3><\/div><div id=\"collapse_1\" class=\"panel-collapse collapse \"><div class=\"panel-body\"> <\/div><\/div><\/div>Hier k\u00f6nnen Sie unsere Beitragsordung herunterladen. Diese Beitragsordnung ist nicht Bestandteil der Vereinssatzung. Sie regelt die Beitragsverpflichtungen der Mitglieder sowie die Geb\u00fchren und Umlagen, und kann nur durch den Vorstand des Vereins ge\u00e4ndert werden. <a href=\"https:\/\/www.spielvereinigung08.de\/Dokumente\/Neue Beitragsordnung 010120.pdf \">Beitragsordnung herunterladen<\/a>\n     <\/div><\/div><\/div>\n    <div class=\"panel\"><div class=\"panel-heading\"><h3 class=\"panel-title\"><a class=\"accordion-toggle\" data-toggle=\"collapse\" data-parent=\"#accordion-0\" href=\"#collapse_2\" >Satzung<\/a><\/h3><\/div><div id=\"collapse_2\" class=\"panel-collapse collapse \"><div class=\"panel-body\">Unsere Satzung mit allen Details! <a href=\"https:\/\/www.spielvereinigung08.de\/Dokumente\/Satzung-Spvgg08_091221.pdf \">Satzung des Vereins herunterladen<\/a>\n     <\/div><\/div><\/div>\n<div class=\"panel\"><div class=\"panel-heading\"><h3 class=\"panel-title\"><a class=\"accordion-toggle\" data-toggle=\"collapse\" data-parent=\"#accordion-0\" href=\"#collapse_3\" >Ehrenratsordnung<\/a><\/h3><\/div><div id=\"collapse_3\" class=\"panel-collapse collapse \"><div class=\"panel-body\">Die Funktionen und Aufgaben des Ehrenrates im \u00dcberblick.<a href=\"https:\/\/www.spielvereinigung08.de\/Dokumente\/Ehrenratsordnung.pdf\">Ehrenratsordnung herunterladen<\/a>\n     <\/div><\/div><\/div>\n<\/div><\/div>\n\t\t<\/div><div id=\"panel-670-2-0-1\" class=\"so-panel widget widget_black-studio-tinymce widget_black_studio_tinymce\" data-index=\"5\" ><div class=\"textwidget\"><p><a href=\"http:\/\/export-xml.qreativethemes.com\/thelandscaper\/wp-content\/uploads\/sites\/2\/2015\/07\/img_divider.png\"><img decoding=\"async\" class=\"size-full wp-image-6403 aligncenter\" src=\"http:\/\/export-xml.qreativethemes.com\/thelandscaper\/wp-content\/uploads\/sites\/2\/2015\/07\/img_divider.png\" alt=\"img_divider\" width=\"1128\" height=\"14\" srcset=\"https:\/\/www.spielvereinigung08.de\/wp-content\/uploads\/2015\/07\/img_divider.png 1128w, https:\/\/www.spielvereinigung08.de\/wp-content\/uploads\/2015\/07\/img_divider-600x7.png 600w\" sizes=\"(max-width: 1128px) 100vw, 1128px\" \/><\/a><\/p>\n<\/div><\/div><div id=\"panel-670-2-0-2\" class=\"so-panel widget widget_black-studio-tinymce widget_black_studio_tinymce panel-last-child\" data-index=\"6\" ><div class=\"textwidget\"><h3>Weitere wichtige Vereinsunterlagen zum Herunterladen<\/h3>\n<\/div><\/div><\/div><\/div><div id=\"pg-670-3\"  class=\"panel-grid panel-no-style\" ><div id=\"pgc-670-3-0\"  class=\"panel-grid-cell\" ><div id=\"panel-670-3-0-0\" class=\"so-panel widget widget_qt_brochure widget-brochure panel-first-child panel-last-child\" data-index=\"7\" >\n\t\t\t<a href=\"https:\/\/www.spielvereinigung08.de\/wp-content\/uploads\/2022\/06\/Antrag-auf-Spielberechtigung.pdf\" class=\"brochure-box\" target=\"_blank\" rel=\"noopener\">\n\t\t\t\t\t\t\t\t\t<i class=\"fa far fa-file-pdf\"><\/i>\n\t\t\t\t\t\t\t\t<span>Antrag auf Spielberechtigung<\/span>\n\t\t\t<\/a>\n\t\t\t\t\n\t\t\t<\/div><\/div><div id=\"pgc-670-3-1\"  class=\"panel-grid-cell\" ><div id=\"panel-670-3-1-0\" class=\"so-panel widget widget_qt_brochure widget-brochure panel-first-child panel-last-child\" data-index=\"8\" >\n\t\t\t<a href=\"https:\/\/www.spielvereinigung08.de\/wp-content\/uploads\/2022\/06\/Einwilligung-in-die-Publ-pers-Daten-Minderjaehriger.pdf\" class=\"brochure-box\" target=\"_blank\" rel=\"noopener\">\n\t\t\t\t\t\t\t\t\t<i class=\"fa far fa-file-pdf\"><\/i>\n\t\t\t\t\t\t\t\t<span>Einwilligung in die Publ. pers. Daten Minderj\u00e4hrige<\/span>\n\t\t\t<\/a>\n\t\t\t\t\n\t\t\t<\/div><\/div><\/div><div id=\"pg-670-4\"  class=\"panel-grid panel-no-style\" ><div id=\"pgc-670-4-0\"  class=\"panel-grid-cell\" ><div id=\"panel-670-4-0-0\" class=\"so-panel widget widget_qt_brochure widget-brochure panel-first-child panel-last-child\" data-index=\"9\" >\n\t\t\t<a href=\"https:\/\/www.spielvereinigung08.de\/wp-content\/uploads\/2022\/06\/Personendatenerfassung.pdf\" class=\"brochure-box\" target=\"_blank\" rel=\"noopener\">\n\t\t\t\t\t\t\t\t\t<i class=\"fa far fa-file-pdf\"><\/i>\n\t\t\t\t\t\t\t\t<span>Personendatenerfassung<\/span>\n\t\t\t<\/a>\n\t\t\t\t\n\t\t\t<\/div><\/div><div id=\"pgc-670-4-1\"  class=\"panel-grid-cell\" ><div id=\"panel-670-4-1-0\" class=\"so-panel widget widget_qt_brochure widget-brochure panel-first-child panel-last-child\" data-index=\"10\" >\n\t\t\t<a href=\"https:\/\/www.spielvereinigung08.de\/wp-content\/uploads\/2022\/06\/Uebersicht-Internationale_Dokumente-Senioren_Junioren.pdf\" class=\"brochure-box\" target=\"_blank\" rel=\"noopener\">\n\t\t\t\t\t\t\t\t\t<i class=\"fa far fa-file-pdf\"><\/i>\n\t\t\t\t\t\t\t\t<span>\u00dcbersicht Internationale_Dokumente Senioren_Junioren<\/span>\n\t\t\t<\/a>\n\t\t\t\t\n\t\t\t<\/div><\/div><\/div><div id=\"pg-670-5\"  class=\"panel-grid panel-no-style\" ><div id=\"pgc-670-5-0\"  class=\"panel-grid-cell\" ><div id=\"panel-670-5-0-0\" class=\"so-panel widget widget_qt_brochure widget-brochure panel-first-child panel-last-child\" data-index=\"11\" >\n\t\t\t<a href=\"https:\/\/www.spielvereinigung08.de\/wp-content\/uploads\/2022\/06\/Vollmacht-zur-Abmeldung.pdf\" class=\"brochure-box\" target=\"_blank\" rel=\"noopener\">\n\t\t\t\t\t\t\t\t\t<i class=\"fa far fa-file-pdf\"><\/i>\n\t\t\t\t\t\t\t\t<span>Vollmacht zur Abmeldung<\/span>\n\t\t\t<\/a>\n\t\t\t\t\n\t\t\t<\/div><\/div><div id=\"pgc-670-5-1\"  class=\"panel-grid-cell\" ><div id=\"panel-670-5-1-0\" class=\"so-panel widget widget_qt_brochure widget-brochure panel-first-child panel-last-child\" data-index=\"12\" >\n\t\t\t<a href=\"https:\/\/www.spielvereinigung08.de\/wp-content\/uploads\/2022\/06\/Was-benoetigt-ein-Spieler-fuer-die-Anmeldung-Anhang.pdf\" class=\"brochure-box\" target=\"_blank\" rel=\"noopener\">\n\t\t\t\t\t\t\t\t\t<i class=\"fa far fa-file-pdf\"><\/i>\n\t\t\t\t\t\t\t\t<span>Was ben\u00f6tigt ein Spieler f\u00fcr die Anmeldung?<\/span>\n\t\t\t<\/a>\n\t\t\t\t\n\t\t\t<\/div><\/div><\/div><div id=\"pg-670-6\"  class=\"panel-grid panel-no-style\" ><div id=\"pgc-670-6-0\"  class=\"panel-grid-cell\" ><div id=\"panel-670-6-0-0\" class=\"so-panel widget widget_qt_brochure widget-brochure panel-first-child panel-last-child\" data-index=\"13\" >\n\t\t\t<a href=\"https:\/\/www.spielvereinigung08.de\/wp-content\/uploads\/2022\/06\/Zusatzerklaerung-auslaendischer-Spieler.pdf\" class=\"brochure-box\" target=\"_blank\" rel=\"noopener\">\n\t\t\t\t\t\t\t\t\t<i class=\"fa far fa-file-pdf\"><\/i>\n\t\t\t\t\t\t\t\t<span>Zusatzerkl\u00e4rung ausl\u00e4ndischer Spieler<\/span>\n\t\t\t<\/a>\n\t\t\t\t\n\t\t\t<\/div><\/div><div id=\"pgc-670-6-1\"  class=\"panel-grid-cell\" ><div id=\"panel-670-6-1-0\" class=\"so-panel widget widget_qt_brochure widget-brochure panel-first-child panel-last-child\" data-index=\"14\" >\n\t\t\t<a href=\"https:\/\/www.spielvereinigung08.de\/wp-content\/uploads\/2022\/06\/Datenerhebung_Zuschauende_Hessen.pdf\" class=\"brochure-box\" target=\"_blank\" rel=\"noopener\">\n\t\t\t\t\t\t\t\t\t<i class=\"fa far fa-file-pdf\"><\/i>\n\t\t\t\t\t\t\t\t<span>Datenerhebung Zuschauende - Corona<\/span>\n\t\t\t<\/a>\n\t\t\t\t\n\t\t\t<\/div><\/div><\/div><\/div>","protected":false},"excerpt":{"rendered":"<p>Alles was Sie f\u00fcr die Anmeldung Ihres Kindes bei uns im Verein ben\u00f6tigen: Beitrittserkl\u00e4rung, Beitragsordnung und Ehrenratsordnung zum Herunterlade<\/p>\n","protected":false},"author":1,"featured_media":6865,"parent":0,"menu_order":0,"comment_status":"closed","ping_status":"closed","template":"","meta":{"_monsterinsights_skip_tracking":false,"_monsterinsights_sitenote_active":false,"_monsterinsights_sitenote_note":"","_monsterinsights_sitenote_category":0,"_EventAllDay":false,"_EventTimezone":"","_EventStartDate":"","_EventEndDate":"","_EventStartDateUTC":"","_EventEndDateUTC":"","_EventShowMap":false,"_EventShowMapLink":false,"_EventURL":"","_EventCost":"","_EventCostDescription":"","_EventCurrencySymbol":"","_EventCurrencyCode":"","_EventCurrencyPosition":"","_EventDateTimeSeparator":"","_EventTimeRangeSeparator":"","_EventOrganizerID":[],"_EventVenueID":[],"_OrganizerEmail":"","_OrganizerPhone":"","_OrganizerWebsite":"","_VenueAddress":"","_VenueCity":"","_VenueCountry":"","_VenueProvince":"","_VenueState":"","_VenueZip":"","_VenuePhone":"","_VenueURL":"","_VenueStateProvince":"","_VenueLat":"","_VenueLng":"","_VenueShowMap":false,"_VenueShowMapLink":false,"footnotes":""},"class_list":["post-670","page","type-page","status-publish","has-post-thumbnail","hentry"],"yoast_head":"<!-- This site is optimized with the Yoast SEO plugin v26.7 - https:\/\/yoast.com\/wordpress\/plugins\/seo\/ -->\n<title>Mitglied werden - Spielvereinigung 08 eV.<\/title>\n<meta name=\"robots\" content=\"index, follow, max-snippet:-1, max-image-preview:large, max-video-preview:-1\" \/>\n<link rel=\"canonical\" href=\"https:\/\/www.spielvereinigung08.de\/index.php\/mitglied-werden\/\" \/>\n<meta property=\"og:locale\" content=\"de_DE\" \/>\n<meta property=\"og:type\" content=\"article\" \/>\n<meta property=\"og:title\" content=\"Mitglied werden - Spielvereinigung 08 eV.\" \/>\n<meta property=\"og:description\" content=\"Alles was Sie f\u00fcr die Anmeldung Ihres Kindes bei uns im Verein ben\u00f6tigen: Beitrittserkl\u00e4rung, Beitragsordnung und Ehrenratsordnung zum Herunterlade\" \/>\n<meta property=\"og:url\" content=\"https:\/\/www.spielvereinigung08.de\/index.php\/mitglied-werden\/\" \/>\n<meta property=\"og:site_name\" content=\"Spielvereinigung 08 eV.\" \/>\n<meta property=\"article:modified_time\" content=\"2025-12-02T09:45:30+00:00\" \/>\n<meta property=\"og:image\" content=\"https:\/\/www.spielvereinigung08.de\/wp-content\/uploads\/2018\/10\/placeholder_850x567.png\" \/>\n\t<meta property=\"og:image:width\" content=\"850\" \/>\n\t<meta property=\"og:image:height\" content=\"567\" \/>\n\t<meta property=\"og:image:type\" content=\"image\/png\" \/>\n<meta name=\"twitter:card\" content=\"summary_large_image\" \/>\n<meta name=\"twitter:label1\" content=\"Gesch\u00e4tzte Lesezeit\" \/>\n\t<meta name=\"twitter:data1\" content=\"2\u00a0Minuten\" \/>\n<script type=\"application\/ld+json\" class=\"yoast-schema-graph\">{\"@context\":\"https:\/\/schema.org\",\"@graph\":[{\"@type\":\"WebPage\",\"@id\":\"https:\/\/www.spielvereinigung08.de\/index.php\/mitglied-werden\/\",\"url\":\"https:\/\/www.spielvereinigung08.de\/index.php\/mitglied-werden\/\",\"name\":\"Mitglied werden - Spielvereinigung 08 eV.\",\"isPartOf\":{\"@id\":\"https:\/\/www.spielvereinigung08.de\/#website\"},\"primaryImageOfPage\":{\"@id\":\"https:\/\/www.spielvereinigung08.de\/index.php\/mitglied-werden\/#primaryimage\"},\"image\":{\"@id\":\"https:\/\/www.spielvereinigung08.de\/index.php\/mitglied-werden\/#primaryimage\"},\"thumbnailUrl\":\"https:\/\/www.spielvereinigung08.de\/wp-content\/uploads\/2018\/10\/placeholder_850x567.png\",\"datePublished\":\"2015-07-22T16:37:29+00:00\",\"dateModified\":\"2025-12-02T09:45:30+00:00\",\"breadcrumb\":{\"@id\":\"https:\/\/www.spielvereinigung08.de\/index.php\/mitglied-werden\/#breadcrumb\"},\"inLanguage\":\"de\",\"potentialAction\":[{\"@type\":\"ReadAction\",\"target\":[\"https:\/\/www.spielvereinigung08.de\/index.php\/mitglied-werden\/\"]}]},{\"@type\":\"ImageObject\",\"inLanguage\":\"de\",\"@id\":\"https:\/\/www.spielvereinigung08.de\/index.php\/mitglied-werden\/#primaryimage\",\"url\":\"https:\/\/www.spielvereinigung08.de\/wp-content\/uploads\/2018\/10\/placeholder_850x567.png\",\"contentUrl\":\"https:\/\/www.spielvereinigung08.de\/wp-content\/uploads\/2018\/10\/placeholder_850x567.png\",\"width\":850,\"height\":567},{\"@type\":\"BreadcrumbList\",\"@id\":\"https:\/\/www.spielvereinigung08.de\/index.php\/mitglied-werden\/#breadcrumb\",\"itemListElement\":[{\"@type\":\"ListItem\",\"position\":1,\"name\":\"Startseite\",\"item\":\"https:\/\/www.spielvereinigung08.de\/\"},{\"@type\":\"ListItem\",\"position\":2,\"name\":\"Mitglied werden\"}]},{\"@type\":\"WebSite\",\"@id\":\"https:\/\/www.spielvereinigung08.de\/#website\",\"url\":\"https:\/\/www.spielvereinigung08.de\/\",\"name\":\"Spielvereinigung 08 eV.\",\"description\":\"Fussball mit Herz und Seele\",\"potentialAction\":[{\"@type\":\"SearchAction\",\"target\":{\"@type\":\"EntryPoint\",\"urlTemplate\":\"https:\/\/www.spielvereinigung08.de\/?s={search_term_string}\"},\"query-input\":{\"@type\":\"PropertyValueSpecification\",\"valueRequired\":true,\"valueName\":\"search_term_string\"}}],\"inLanguage\":\"de\"}]}<\/script>\n<!-- \/ Yoast SEO plugin. -->","yoast_head_json":{"title":"Mitglied werden - Spielvereinigung 08 eV.","robots":{"index":"index","follow":"follow","max-snippet":"max-snippet:-1","max-image-preview":"max-image-preview:large","max-video-preview":"max-video-preview:-1"},"canonical":"https:\/\/www.spielvereinigung08.de\/index.php\/mitglied-werden\/","og_locale":"de_DE","og_type":"article","og_title":"Mitglied werden - Spielvereinigung 08 eV.","og_description":"Alles was Sie f\u00fcr die Anmeldung Ihres Kindes bei uns im Verein ben\u00f6tigen: Beitrittserkl\u00e4rung, Beitragsordnung und Ehrenratsordnung zum Herunterlade","og_url":"https:\/\/www.spielvereinigung08.de\/index.php\/mitglied-werden\/","og_site_name":"Spielvereinigung 08 eV.","article_modified_time":"2025-12-02T09:45:30+00:00","og_image":[{"width":850,"height":567,"url":"https:\/\/www.spielvereinigung08.de\/wp-content\/uploads\/2018\/10\/placeholder_850x567.png","type":"image\/png"}],"twitter_card":"summary_large_image","twitter_misc":{"Gesch\u00e4tzte Lesezeit":"2\u00a0Minuten"},"schema":{"@context":"https:\/\/schema.org","@graph":[{"@type":"WebPage","@id":"https:\/\/www.spielvereinigung08.de\/index.php\/mitglied-werden\/","url":"https:\/\/www.spielvereinigung08.de\/index.php\/mitglied-werden\/","name":"Mitglied werden - Spielvereinigung 08 eV.","isPartOf":{"@id":"https:\/\/www.spielvereinigung08.de\/#website"},"primaryImageOfPage":{"@id":"https:\/\/www.spielvereinigung08.de\/index.php\/mitglied-werden\/#primaryimage"},"image":{"@id":"https:\/\/www.spielvereinigung08.de\/index.php\/mitglied-werden\/#primaryimage"},"thumbnailUrl":"https:\/\/www.spielvereinigung08.de\/wp-content\/uploads\/2018\/10\/placeholder_850x567.png","datePublished":"2015-07-22T16:37:29+00:00","dateModified":"2025-12-02T09:45:30+00:00","breadcrumb":{"@id":"https:\/\/www.spielvereinigung08.de\/index.php\/mitglied-werden\/#breadcrumb"},"inLanguage":"de","potentialAction":[{"@type":"ReadAction","target":["https:\/\/www.spielvereinigung08.de\/index.php\/mitglied-werden\/"]}]},{"@type":"ImageObject","inLanguage":"de","@id":"https:\/\/www.spielvereinigung08.de\/index.php\/mitglied-werden\/#primaryimage","url":"https:\/\/www.spielvereinigung08.de\/wp-content\/uploads\/2018\/10\/placeholder_850x567.png","contentUrl":"https:\/\/www.spielvereinigung08.de\/wp-content\/uploads\/2018\/10\/placeholder_850x567.png","width":850,"height":567},{"@type":"BreadcrumbList","@id":"https:\/\/www.spielvereinigung08.de\/index.php\/mitglied-werden\/#breadcrumb","itemListElement":[{"@type":"ListItem","position":1,"name":"Startseite","item":"https:\/\/www.spielvereinigung08.de\/"},{"@type":"ListItem","position":2,"name":"Mitglied werden"}]},{"@type":"WebSite","@id":"https:\/\/www.spielvereinigung08.de\/#website","url":"https:\/\/www.spielvereinigung08.de\/","name":"Spielvereinigung 08 eV.","description":"Fussball mit Herz und Seele","potentialAction":[{"@type":"SearchAction","target":{"@type":"EntryPoint","urlTemplate":"https:\/\/www.spielvereinigung08.de\/?s={search_term_string}"},"query-input":{"@type":"PropertyValueSpecification","valueRequired":true,"valueName":"search_term_string"}}],"inLanguage":"de"}]}},"_links":{"self":[{"href":"https:\/\/www.spielvereinigung08.de\/index.php\/wp-json\/wp\/v2\/pages\/670","targetHints":{"allow":["GET"]}}],"collection":[{"href":"https:\/\/www.spielvereinigung08.de\/index.php\/wp-json\/wp\/v2\/pages"}],"about":[{"href":"https:\/\/www.spielvereinigung08.de\/index.php\/wp-json\/wp\/v2\/types\/page"}],"author":[{"embeddable":true,"href":"https:\/\/www.spielvereinigung08.de\/index.php\/wp-json\/wp\/v2\/users\/1"}],"replies":[{"embeddable":true,"href":"https:\/\/www.spielvereinigung08.de\/index.php\/wp-json\/wp\/v2\/comments?post=670"}],"version-history":[{"count":55,"href":"https:\/\/www.spielvereinigung08.de\/index.php\/wp-json\/wp\/v2\/pages\/670\/revisions"}],"predecessor-version":[{"id":9848,"href":"https:\/\/www.spielvereinigung08.de\/index.php\/wp-json\/wp\/v2\/pages\/670\/revisions\/9848"}],"wp:featuredmedia":[{"embeddable":true,"href":"https:\/\/www.spielvereinigung08.de\/index.php\/wp-json\/wp\/v2\/media\/6865"}],"wp:attachment":[{"href":"https:\/\/www.spielvereinigung08.de\/index.php\/wp-json\/wp\/v2\/media?parent=670"}],"curies":[{"name":"wp","href":"https:\/\/api.w.org\/{rel}","templated":true}]}}