{"id":8073,"date":"2022-08-12T09:30:33","date_gmt":"2022-08-12T09:30:33","guid":{"rendered":"https:\/\/www.spielvereinigung08.de\/?page_id=8073"},"modified":"2024-11-19T11:53:57","modified_gmt":"2024-11-19T11:53:57","slug":"frauen-und-maedchenabteilung","status":"publish","type":"page","link":"https:\/\/www.spielvereinigung08.de\/index.php\/frauen-und-maedchenabteilung\/","title":{"rendered":"Frauen- und M\u00e4dchenabteilung"},"content":{"rendered":"<div id=\"pl-8073\"  class=\"panel-layout\" ><div id=\"pg-8073-0\"  class=\"panel-grid panel-no-style\" ><div id=\"pgc-8073-0-0\"  class=\"panel-grid-cell\" ><div id=\"panel-8073-0-0-0\" class=\"so-panel widget widget_text panel-first-child panel-last-child\" data-index=\"0\" ><h3 class=\"widget-title\"><span class=\"light\">Unsere<\/span> Frauen- und M\u00e4dchenmannschaften<\/h3>\t\t\t<div class=\"textwidget\"><p>F\u00fcr die Frauen- und M\u00e4dchenabteilung sind die beide Herren zust\u00e4ndig:<\/p>\n<\/div>\n\t\t<\/div><\/div><\/div><div id=\"pg-8073-1\"  class=\"panel-grid panel-no-style\" ><div id=\"pgc-8073-1-0\"  class=\"panel-grid-cell\" ><div id=\"panel-8073-1-0-0\" class=\"so-panel widget widget_qt_team_member widget-team-member panel-first-child panel-last-child\" data-index=\"1\" >\n\t\t\t<div class=\"team-member\">\n\t\t\t\t\t\t\t\t\t<div class=\"team-member-image\">\n\t\t\t\t\t\t\t\t\t\t\t\t\t<img fetchpriority=\"high\" decoding=\"async\" width=\"300\" height=\"200\" src=\"https:\/\/www.spielvereinigung08.de\/wp-content\/uploads\/2024\/11\/Alex-boensel3.jpg\" class=\"attachment-full size-full\" alt=\"\" \/>\t\t\t\t\t\t\t\t\t\t\t\t\t\t\t\t\t\t<div class=\"team-member-social\">\n\t\t\t\t\t\t\t<div class=\"overlay-center\">\n\t\t\t\t\t\t\t\t\t\t\t\t\t\t\t\t\t\t\t\t\t\t\t\t\t\t\t\t\t\t\t\t\t\t\t\t\t\t\t\t\t\t\t\t\t\t\t\t\t<a href=\"mailto:a.boensel@outlook.de\" aria-label=\"Email\"><i class=\"fas fa-envelope\"><\/i><\/a>\n\t\t\t\t\t\t\t\t\t\t\t\t\t\t\t\t\t\t\t\t\t\t\t<\/div>\n\t\t\t\t\t\t<\/div>\n\t\t\t\t\t\t\t\t\t\t\t\t\t\t\t\t\t<\/div>\n\t\t\t\t\t\t\t\t<div class=\"team-member-content\">\n\t\t\t\t\t<h4 class=\"team-member-name\">\n\t\t\t\t\t\t\t\t\t\t\t\tAlex B\u00f6nsel\t\t\t\t\t\t\t\t\t\t\t<\/h4>\n\t\t\t\t\t\t\t\t\t\t\t<span class=\"team-member-tag\">Abteilungsleiter Frauen -&amp; M\u00e4dchenfussball<\/span>\n\t\t\t\t\t\t\t\t\t\t\t\t\t\t\t\t<p class=\"team-member-description\">0177-2688035<\/p>\n\t\t\t\t\t\t\t\t\t\t\t\t\t\t<\/div>\n\t\t\t<\/div>\n\n\t\t\t<\/div><\/div><div id=\"pgc-8073-1-1\"  class=\"panel-grid-cell\" ><div id=\"panel-8073-1-1-0\" class=\"so-panel widget widget_qt_team_member widget-team-member panel-first-child panel-last-child\" data-index=\"2\" >\n\t\t\t<div class=\"team-member\">\n\t\t\t\t\t\t\t\t\t<div class=\"team-member-image\">\n\t\t\t\t\t\t\t\t\t\t\t\t\t<img decoding=\"async\" width=\"300\" height=\"200\" src=\"https:\/\/www.spielvereinigung08.de\/wp-content\/uploads\/2024\/11\/dirk-schneider2.jpg\" class=\"attachment-full size-full\" alt=\"\" \/>\t\t\t\t\t\t\t\t\t\t\t\t\t\t\t\t\t\t<div class=\"team-member-social\">\n\t\t\t\t\t\t\t<div class=\"overlay-center\">\n\t\t\t\t\t\t\t\t\t\t\t\t\t\t\t\t\t\t\t\t\t\t\t\t\t\t\t\t\t\t\t\t\t\t\t\t\t\t\t\t\t\t\t\t\t\t\t\t\t<a href=\"mailto:Ddschneider@web.de\" aria-label=\"Email\"><i class=\"fas fa-envelope\"><\/i><\/a>\n\t\t\t\t\t\t\t\t\t\t\t\t\t\t\t\t\t\t\t\t\t\t\t<\/div>\n\t\t\t\t\t\t<\/div>\n\t\t\t\t\t\t\t\t\t\t\t\t\t\t\t\t\t<\/div>\n\t\t\t\t\t\t\t\t<div class=\"team-member-content\">\n\t\t\t\t\t<h4 class=\"team-member-name\">\n\t\t\t\t\t\t\t\t\t\t\t\tDirk Schneider\t\t\t\t\t\t\t\t\t\t\t<\/h4>\n\t\t\t\t\t\t\t\t\t\t\t<span class=\"team-member-tag\">Stv.Frauen und M\u00e4dchen<\/span>\n\t\t\t\t\t\t\t\t\t\t\t\t\t\t\t\t<p class=\"team-member-description\"> 0173 3476809<\/p>\n\t\t\t\t\t\t\t\t\t\t\t\t\t\t<\/div>\n\t\t\t<\/div>\n\n\t\t\t<\/div><\/div><\/div><div id=\"pg-8073-2\"  class=\"panel-grid panel-no-style\" ><div id=\"pgc-8073-2-0\"  class=\"panel-grid-cell\" ><div id=\"panel-8073-2-0-0\" class=\"so-panel widget widget_qt_icon_box widget-icon-box panel-first-child panel-last-child\" data-index=\"3\" >\t\t\t\t<div class=\"icon-box icon-big\">\n\t\t\t\t\t\t\t\t\t\t\t\t<i class=\"fa fas fa-basketball-ball\"><\/i>\n\t\t\t\t\t\t\t\t\t\t\t\t\t<h6 class=\"title\">Frauen Spvgg 08 I<\/h6>\n\t\t\t\t\t\t\t\t\t\t\t\t\t<span class=\"subtitle\">Unsere erste Frauenmanschaft spielt aktuel in der ....<\/span>\n\t\t\t\t\t\t\t<\/div>\n\n\t\t\t<\/div><\/div><\/div><div id=\"pg-8073-3\"  class=\"panel-grid panel-no-style\" ><div id=\"pgc-8073-3-0\"  class=\"panel-grid-cell\" ><div id=\"panel-8073-3-0-0\" class=\"so-panel widget widget_qt_icon_box widget-icon-box panel-first-child panel-last-child\" data-index=\"4\" >\t\t\t\t<div class=\"icon-box icon-big\">\n\t\t\t\t\t\t\t\t\t\t\t\t<i class=\"fa fas fa-basketball-ball\"><\/i>\n\t\t\t\t\t\t\t\t\t\t\t\t\t<h6 class=\"title\">Juniorinnen U16<\/h6>\n\t\t\t\t\t\t\t\t\t\t\t\t\t<span class=\"subtitle\">Unsere U16 Juniorinen spielen aktuel in der ....<\/span>\n\t\t\t\t\t\t\t<\/div>\n\n\t\t\t<\/div><\/div><div id=\"pgc-8073-3-1\"  class=\"panel-grid-cell\" ><div id=\"panel-8073-3-1-0\" class=\"so-panel widget widget_qt_icon_box widget-icon-box panel-first-child panel-last-child\" data-index=\"5\" >\t\t\t\t<a class=\"icon-box icon-big\" href=\"https:\/\/www.spielvereinigung08.de\/index.php\/juniorinnen-u14\" >\n\t\t\t\t\t\t\t\t\t\t\t\t<i class=\"fa fas fa-basketball-ball\"><\/i>\n\t\t\t\t\t\t\t\t\t\t\t\t\t<h6 class=\"title\">Juniorinnen U14<\/h6>\n\t\t\t\t\t\t\t\t\t\t\t\t\t<span class=\"subtitle\">Unsere U14 Juniorinnen spielen aktuel in der ....<\/span>\n\t\t\t\t\t\t\t<\/a>\n\n\t\t\t<\/div><\/div><\/div><div id=\"pg-8073-4\"  class=\"panel-grid panel-no-style\" ><div id=\"pgc-8073-4-0\"  class=\"panel-grid-cell\" ><div id=\"panel-8073-4-0-0\" class=\"so-panel widget widget_qt_icon_box widget-icon-box panel-first-child panel-last-child\" data-index=\"6\" >\t\t\t\t<a class=\"icon-box icon-big\" href=\"https:\/\/www.spielvereinigung08.de\/index.php\/juniorinnen-u12\" >\n\t\t\t\t\t\t\t\t\t\t\t\t<i class=\"fa fas fa-basketball-ball\"><\/i>\n\t\t\t\t\t\t\t\t\t\t\t\t\t<h6 class=\"title\">Juniorinnen U12<\/h6>\n\t\t\t\t\t\t\t\t\t\t\t\t\t<span class=\"subtitle\">Unsere U12 Juniorinnen spielen aktuel in der DMKL Frankfurt Klasse<\/span>\n\t\t\t\t\t\t\t<\/a>\n\n\t\t\t<\/div><\/div><div id=\"pgc-8073-4-1\"  class=\"panel-grid-cell\" ><div id=\"panel-8073-4-1-0\" class=\"so-panel widget widget_qt_icon_box widget-icon-box panel-first-child panel-last-child\" data-index=\"7\" >\t\t\t\t<div class=\"icon-box icon-big\">\n\t\t\t\t\t\t\t\t\t\t\t\t<i class=\"fa fas fa-basketball-ball\"><\/i>\n\t\t\t\t\t\t\t\t\t\t\t\t\t<h6 class=\"title\">Juniorinen U10<\/h6>\n\t\t\t\t\t\t\t\t\t\t\t\t\t<span class=\"subtitle\">Unsere U10 Juniorinen spielen aktuel in der ....<\/span>\n\t\t\t\t\t\t\t<\/div>\n\n\t\t\t<\/div><\/div><\/div><\/div>","protected":false},"excerpt":{"rendered":"<p>F\u00fcr die Frauen- und M\u00e4dchenabteilung sind die beide Herren zust\u00e4ndig:<\/p>\n","protected":false},"author":1,"featured_media":0,"parent":0,"menu_order":0,"comment_status":"closed","ping_status":"closed","template":"","meta":{"_monsterinsights_skip_tracking":false,"_monsterinsights_sitenote_active":false,"_monsterinsights_sitenote_note":"","_monsterinsights_sitenote_category":0,"_EventAllDay":false,"_EventTimezone":"","_EventStartDate":"","_EventEndDate":"","_EventStartDateUTC":"","_EventEndDateUTC":"","_EventShowMap":false,"_EventShowMapLink":false,"_EventURL":"","_EventCost":"","_EventCostDescription":"","_EventCurrencySymbol":"","_EventCurrencyCode":"","_EventCurrencyPosition":"","_EventDateTimeSeparator":"","_EventTimeRangeSeparator":"","_EventOrganizerID":[],"_EventVenueID":[],"_OrganizerEmail":"","_OrganizerPhone":"","_OrganizerWebsite":"","_VenueAddress":"","_VenueCity":"","_VenueCountry":"","_VenueProvince":"","_VenueState":"","_VenueZip":"","_VenuePhone":"","_VenueURL":"","_VenueStateProvince":"","_VenueLat":"","_VenueLng":"","_VenueShowMap":false,"_VenueShowMapLink":false,"footnotes":""},"class_list":["post-8073","page","type-page","status-publish","hentry"],"yoast_head":"<!-- This site is optimized with the Yoast SEO plugin v26.7 - https:\/\/yoast.com\/wordpress\/plugins\/seo\/ -->\n<title>Frauen- und M\u00e4dchenabteilung - Spielvereinigung 08 eV.<\/title>\n<meta name=\"robots\" content=\"index, follow, max-snippet:-1, max-image-preview:large, max-video-preview:-1\" \/>\n<link rel=\"canonical\" href=\"https:\/\/www.spielvereinigung08.de\/index.php\/frauen-und-maedchenabteilung\/\" \/>\n<meta property=\"og:locale\" content=\"de_DE\" \/>\n<meta property=\"og:type\" content=\"article\" \/>\n<meta property=\"og:title\" content=\"Frauen- und M\u00e4dchenabteilung - Spielvereinigung 08 eV.\" \/>\n<meta property=\"og:description\" content=\"F\u00fcr die Frauen- und M\u00e4dchenabteilung sind die beide Herren zust\u00e4ndig:\" \/>\n<meta property=\"og:url\" content=\"https:\/\/www.spielvereinigung08.de\/index.php\/frauen-und-maedchenabteilung\/\" \/>\n<meta property=\"og:site_name\" content=\"Spielvereinigung 08 eV.\" \/>\n<meta property=\"article:modified_time\" content=\"2024-11-19T11:53:57+00:00\" \/>\n<meta name=\"twitter:card\" content=\"summary_large_image\" \/>\n<meta name=\"twitter:label1\" content=\"Gesch\u00e4tzte Lesezeit\" \/>\n\t<meta name=\"twitter:data1\" content=\"1\u00a0Minute\" \/>\n<script type=\"application\/ld+json\" class=\"yoast-schema-graph\">{\"@context\":\"https:\/\/schema.org\",\"@graph\":[{\"@type\":\"WebPage\",\"@id\":\"https:\/\/www.spielvereinigung08.de\/index.php\/frauen-und-maedchenabteilung\/\",\"url\":\"https:\/\/www.spielvereinigung08.de\/index.php\/frauen-und-maedchenabteilung\/\",\"name\":\"Frauen- und M\u00e4dchenabteilung - Spielvereinigung 08 eV.\",\"isPartOf\":{\"@id\":\"https:\/\/www.spielvereinigung08.de\/#website\"},\"datePublished\":\"2022-08-12T09:30:33+00:00\",\"dateModified\":\"2024-11-19T11:53:57+00:00\",\"breadcrumb\":{\"@id\":\"https:\/\/www.spielvereinigung08.de\/index.php\/frauen-und-maedchenabteilung\/#breadcrumb\"},\"inLanguage\":\"de\",\"potentialAction\":[{\"@type\":\"ReadAction\",\"target\":[\"https:\/\/www.spielvereinigung08.de\/index.php\/frauen-und-maedchenabteilung\/\"]}]},{\"@type\":\"BreadcrumbList\",\"@id\":\"https:\/\/www.spielvereinigung08.de\/index.php\/frauen-und-maedchenabteilung\/#breadcrumb\",\"itemListElement\":[{\"@type\":\"ListItem\",\"position\":1,\"name\":\"Startseite\",\"item\":\"https:\/\/www.spielvereinigung08.de\/\"},{\"@type\":\"ListItem\",\"position\":2,\"name\":\"Frauen- und M\u00e4dchenabteilung\"}]},{\"@type\":\"WebSite\",\"@id\":\"https:\/\/www.spielvereinigung08.de\/#website\",\"url\":\"https:\/\/www.spielvereinigung08.de\/\",\"name\":\"Spielvereinigung 08 eV.\",\"description\":\"Fussball mit Herz und Seele\",\"potentialAction\":[{\"@type\":\"SearchAction\",\"target\":{\"@type\":\"EntryPoint\",\"urlTemplate\":\"https:\/\/www.spielvereinigung08.de\/?s={search_term_string}\"},\"query-input\":{\"@type\":\"PropertyValueSpecification\",\"valueRequired\":true,\"valueName\":\"search_term_string\"}}],\"inLanguage\":\"de\"}]}<\/script>\n<!-- \/ Yoast SEO plugin. -->","yoast_head_json":{"title":"Frauen- und M\u00e4dchenabteilung - Spielvereinigung 08 eV.","robots":{"index":"index","follow":"follow","max-snippet":"max-snippet:-1","max-image-preview":"max-image-preview:large","max-video-preview":"max-video-preview:-1"},"canonical":"https:\/\/www.spielvereinigung08.de\/index.php\/frauen-und-maedchenabteilung\/","og_locale":"de_DE","og_type":"article","og_title":"Frauen- und M\u00e4dchenabteilung - Spielvereinigung 08 eV.","og_description":"F\u00fcr die Frauen- und M\u00e4dchenabteilung sind die beide Herren zust\u00e4ndig:","og_url":"https:\/\/www.spielvereinigung08.de\/index.php\/frauen-und-maedchenabteilung\/","og_site_name":"Spielvereinigung 08 eV.","article_modified_time":"2024-11-19T11:53:57+00:00","twitter_card":"summary_large_image","twitter_misc":{"Gesch\u00e4tzte Lesezeit":"1\u00a0Minute"},"schema":{"@context":"https:\/\/schema.org","@graph":[{"@type":"WebPage","@id":"https:\/\/www.spielvereinigung08.de\/index.php\/frauen-und-maedchenabteilung\/","url":"https:\/\/www.spielvereinigung08.de\/index.php\/frauen-und-maedchenabteilung\/","name":"Frauen- und M\u00e4dchenabteilung - Spielvereinigung 08 eV.","isPartOf":{"@id":"https:\/\/www.spielvereinigung08.de\/#website"},"datePublished":"2022-08-12T09:30:33+00:00","dateModified":"2024-11-19T11:53:57+00:00","breadcrumb":{"@id":"https:\/\/www.spielvereinigung08.de\/index.php\/frauen-und-maedchenabteilung\/#breadcrumb"},"inLanguage":"de","potentialAction":[{"@type":"ReadAction","target":["https:\/\/www.spielvereinigung08.de\/index.php\/frauen-und-maedchenabteilung\/"]}]},{"@type":"BreadcrumbList","@id":"https:\/\/www.spielvereinigung08.de\/index.php\/frauen-und-maedchenabteilung\/#breadcrumb","itemListElement":[{"@type":"ListItem","position":1,"name":"Startseite","item":"https:\/\/www.spielvereinigung08.de\/"},{"@type":"ListItem","position":2,"name":"Frauen- und M\u00e4dchenabteilung"}]},{"@type":"WebSite","@id":"https:\/\/www.spielvereinigung08.de\/#website","url":"https:\/\/www.spielvereinigung08.de\/","name":"Spielvereinigung 08 eV.","description":"Fussball mit Herz und Seele","potentialAction":[{"@type":"SearchAction","target":{"@type":"EntryPoint","urlTemplate":"https:\/\/www.spielvereinigung08.de\/?s={search_term_string}"},"query-input":{"@type":"PropertyValueSpecification","valueRequired":true,"valueName":"search_term_string"}}],"inLanguage":"de"}]}},"_links":{"self":[{"href":"https:\/\/www.spielvereinigung08.de\/index.php\/wp-json\/wp\/v2\/pages\/8073","targetHints":{"allow":["GET"]}}],"collection":[{"href":"https:\/\/www.spielvereinigung08.de\/index.php\/wp-json\/wp\/v2\/pages"}],"about":[{"href":"https:\/\/www.spielvereinigung08.de\/index.php\/wp-json\/wp\/v2\/types\/page"}],"author":[{"embeddable":true,"href":"https:\/\/www.spielvereinigung08.de\/index.php\/wp-json\/wp\/v2\/users\/1"}],"replies":[{"embeddable":true,"href":"https:\/\/www.spielvereinigung08.de\/index.php\/wp-json\/wp\/v2\/comments?post=8073"}],"version-history":[{"count":23,"href":"https:\/\/www.spielvereinigung08.de\/index.php\/wp-json\/wp\/v2\/pages\/8073\/revisions"}],"predecessor-version":[{"id":8075,"href":"https:\/\/www.spielvereinigung08.de\/index.php\/wp-json\/wp\/v2\/pages\/8073\/revisions\/8075"}],"wp:attachment":[{"href":"https:\/\/www.spielvereinigung08.de\/index.php\/wp-json\/wp\/v2\/media?parent=8073"}],"curies":[{"name":"wp","href":"https:\/\/api.w.org\/{rel}","templated":true}]}}