{"id":8289,"date":"2023-01-23T19:37:49","date_gmt":"2023-01-23T19:37:49","guid":{"rendered":"https:\/\/www.spielvereinigung08.de\/?page_id=8289"},"modified":"2024-07-23T18:47:20","modified_gmt":"2024-07-23T18:47:20","slug":"d2-junioren","status":"publish","type":"page","link":"https:\/\/www.spielvereinigung08.de\/index.php\/d2-junioren\/","title":{"rendered":"D2-Junioren"},"content":{"rendered":"<div id=\"pl-8289\"  class=\"panel-layout\" ><div id=\"pg-8289-0\"  class=\"panel-grid panel-no-style\" ><div id=\"pgc-8289-0-0\"  class=\"panel-grid-cell\" ><div id=\"panel-8289-0-0-0\" class=\"so-panel widget widget_black-studio-tinymce widget_black_studio_tinymce panel-first-child\" data-index=\"0\" ><h3 class=\"widget-title\"><span class=\"light\">D-Junioren<\/span> Trainer<\/h3><div class=\"textwidget\"><p><img fetchpriority=\"high\" decoding=\"async\" src=\"https:\/\/www.spielvereinigung08.de\/wp-content\/uploads\/2023\/09\/IMG_1106-scaled.jpg\" alt=\"Markus Wenzel\" width=\"261\" height=\"261\" class=\"alignnone size-full wp-image-7926\" \/><br \/>\nMarkus Wenzel - Trainer D-Junioren<\/p>\n<p><h3><span style=\"color: #9fc612;\"><span style=\"color: #ababab;\"><span class=\"icon-wrap\"><i class=\"fas fa-phone\"><\/i><\/span> <\/span>0176-46521742<\/span><\/h3><\/p>\n<\/div><\/div><div id=\"panel-8289-0-0-1\" class=\"so-panel widget widget_black-studio-tinymce widget_black_studio_tinymce\" data-index=\"1\" ><h3 class=\"widget-title\"><span class=\"light\">D-Junioren<\/span> Trainer<\/h3><div class=\"textwidget\"><p><img decoding=\"async\" src=\"https:\/\/www.spielvereinigung08.de\/wp-content\/uploads\/2022\/06\/Adnan.jpg\" alt=\"Adnan Kayrakci\" width=\"261\" height=\"261\" class=\"alignnone size-full wp-image-7926\" \/><br \/>\nAdnan Kayrakci - Trainer D-Junioren<\/p>\n<p><h3><span style=\"color: #9fc612;\"><span style=\"color: #ababab;\"><span class=\"icon-wrap\"><i class=\"fas fa-phone\"><\/i><\/span> <\/span>0177-1865834<\/span><\/h3><\/p>\n<\/div><\/div><div id=\"panel-8289-0-0-2\" class=\"so-panel widget widget_qt_icon_box widget-icon-box\" data-index=\"2\" >\t\t\t\t<div class=\"icon-box icon-big\">\n\t\t\t\t\t\t\t\t\t\t\t\t<i class=\"fa fas fa-mail-bulk\"><\/i>\n\t\t\t\t\t\t\t\t\t\t\t\t\t<h6 class=\"title\">E-Mail Adresse<\/h6>\n\t\t\t\t\t\t\t\t\t\t\t\t\t<span class=\"subtitle\">wenzelmarkus@web.de<\/span>\n\t\t\t\t\t\t\t<\/div>\n\n\t\t\t<\/div><div id=\"panel-8289-0-0-3\" class=\"so-panel widget widget_qt_icon_box widget-icon-box panel-last-child\" data-index=\"3\" >\t\t\t\t<div class=\"icon-box icon-big\">\n\t\t\t\t\t\t\t\t\t\t\t\t<i class=\"fa far fa-clock\"><\/i>\n\t\t\t\t\t\t\t\t\t\t\t\t\t<h6 class=\"title\">Trainingszeiten<\/h6>\n\t\t\t\t\t\t\t\t\t\t\t\t\t<span class=\"subtitle\">Montag 18:00 - 19:30 Uhr in Schwalheim &amp; Mittwoch 18:30 - 20:00 Uhr im Waldstadion<\/span>\n\t\t\t\t\t\t\t<\/div>\n\n\t\t\t<\/div><\/div><div id=\"pgc-8289-0-1\"  class=\"panel-grid-cell\" ><div id=\"panel-8289-0-1-0\" class=\"so-panel widget widget_black-studio-tinymce widget_black_studio_tinymce panel-first-child\" data-index=\"4\" ><h3 class=\"widget-title\"><span class=\"light\">D-Junioren<\/span> Spielvereiningung 08<\/h3><div class=\"textwidget\"><p>Herzlich willkommen auf der offiziellen Homepage der D-Jugend Fu\u00dfballmannschaft der Spvgg. 08 Bad Nauheim! <\/p>\n<p>Unsere Mannschaft besteht aus talentierten jungen Spielern der Jahrg\u00e4nge 2012\/2013, die mit Leidenschaft und Begeisterung dem Fu\u00dfball nachgehen.<br \/>\nUnsere D-Jugend trainiert 2-3 Mal pro Woche im idyllisch gelegenen Waldstadion in Bad Nauheim. An den Wochenenden stehen spannende Meisterschaftsspiele oder alternativ Testspiele auf dem Programm, bei denen unsere Mannschaft im 9-gegen-9 Format antritt. <\/p>\n<p>Das Trainerteam legt gro\u00dfen Wert darauf die Spieler leistungsorientiert zu f\u00f6rdern und sie kontinuierlich zu verbessern. Gleichzeitig soll die Freude am Fu\u00dfball nicht zu kurz kommen. Wir m\u00f6chten, dass die Kinder sportlich wachsen und mit Begeisterung und Spa\u00df bei der Sache sind.<\/p>\n<p>Unser engagiertes Trainerteam besteht aus 3 erfahrenen und motivierten Trainern und einer Kassenw\u00e4rtin, die sich f\u00fcr die Entwicklung unserer Spieler einsetzen. Durch abwechslungsreiche und gezielte Trainingseinheiten sorgen wir daf\u00fcr, dass jedes Kind individuell gef\u00f6rdert wird und seine F\u00e4higkeiten optimal entfalten kann.<\/p>\n<p>Probetraining:<br \/>\nProbetraining ist jederzeit m\u00f6glich und sollte vorher mit dem Trainerteam telefonisch abgestimmt werden.<br \/>\nAnfrage Freundschaftsspiele:<br \/>\nTestspiel-Anfragen stehen wir offen gegen\u00fcber und freuen uns \u00fcber jede Anfrage. Konkrete Anfragen k\u00f6nnen per\/Mail oder telefonisch abgestimmt werden. <\/p>\n<p>Mit sportlichen Gr\u00fc\u00dfen,<br \/>\nDas Trainerteam der D-Jugend der Spvgg. 08 Bad Nauheim<\/p>\n<\/div><\/div><div id=\"panel-8289-0-1-1\" class=\"so-panel widget widget_ifdw_fubade_widget panel-last-child\" data-index=\"5\" >\n<h3 class=\"widget-title\"><span class=\"light\">Spiele<\/span> &#038; Tabelle<\/h3>\n<div id=\"fubade-87-1VQ8I\" class=\"include-fussball-de-widgets\">\n\t<iframe src='\/\/www.fussball.de\/widget2\/-\/schluessel\/02KNS267GK000000VUM1DNOFVUI1VQ8I\/target\/fubade-87-1VQ8I\/caller\/www.spielvereinigung08.de' width='900px' height='100%' scrolling='no' style='border: 1px solid #CECECE; overflow: hidden; min-height: 200px;'><\/iframe>\n<\/div>\n<\/div>\n<\/div><\/div><\/div>","protected":false},"excerpt":{"rendered":"<p>Markus Wenzel &#8211; Trainer D-Junioren 0176-46521742 Adnan Kayrakci &#8211; Trainer D-Junioren 0177-1865834 Herzlich willkommen auf der offiziellen Homepage der D-Jugend Fu\u00dfballmannschaft der Spvgg. 08 Bad Nauheim! Unsere Mannschaft besteht aus [&hellip;]<\/p>\n","protected":false},"author":1,"featured_media":0,"parent":0,"menu_order":0,"comment_status":"closed","ping_status":"closed","template":"","meta":{"_monsterinsights_skip_tracking":false,"_monsterinsights_sitenote_active":false,"_monsterinsights_sitenote_note":"","_monsterinsights_sitenote_category":0,"_EventAllDay":false,"_EventTimezone":"","_EventStartDate":"","_EventEndDate":"","_EventStartDateUTC":"","_EventEndDateUTC":"","_EventShowMap":false,"_EventShowMapLink":false,"_EventURL":"","_EventCost":"","_EventCostDescription":"","_EventCurrencySymbol":"","_EventCurrencyCode":"","_EventCurrencyPosition":"","_EventDateTimeSeparator":"","_EventTimeRangeSeparator":"","_EventOrganizerID":[],"_EventVenueID":[],"_OrganizerEmail":"","_OrganizerPhone":"","_OrganizerWebsite":"","_VenueAddress":"","_VenueCity":"","_VenueCountry":"","_VenueProvince":"","_VenueState":"","_VenueZip":"","_VenuePhone":"","_VenueURL":"","_VenueStateProvince":"","_VenueLat":"","_VenueLng":"","_VenueShowMap":false,"_VenueShowMapLink":false,"footnotes":""},"class_list":["post-8289","page","type-page","status-publish","hentry"],"yoast_head":"<!-- This site is optimized with the Yoast SEO plugin v26.7 - https:\/\/yoast.com\/wordpress\/plugins\/seo\/ -->\n<title>D2-Junioren - Spielvereinigung 08 eV.<\/title>\n<meta name=\"robots\" content=\"index, follow, max-snippet:-1, max-image-preview:large, max-video-preview:-1\" \/>\n<link rel=\"canonical\" href=\"https:\/\/www.spielvereinigung08.de\/index.php\/d2-junioren\/\" \/>\n<meta property=\"og:locale\" content=\"de_DE\" \/>\n<meta property=\"og:type\" content=\"article\" \/>\n<meta property=\"og:title\" content=\"D2-Junioren - Spielvereinigung 08 eV.\" \/>\n<meta property=\"og:description\" content=\"Markus Wenzel - Trainer D-Junioren 0176-46521742 Adnan Kayrakci - Trainer D-Junioren 0177-1865834 Herzlich willkommen auf der offiziellen Homepage der D-Jugend Fu\u00dfballmannschaft der Spvgg. 08 Bad Nauheim! Unsere Mannschaft besteht aus [&hellip;]\" \/>\n<meta property=\"og:url\" content=\"https:\/\/www.spielvereinigung08.de\/index.php\/d2-junioren\/\" \/>\n<meta property=\"og:site_name\" content=\"Spielvereinigung 08 eV.\" \/>\n<meta property=\"article:modified_time\" content=\"2024-07-23T18:47:20+00:00\" \/>\n<meta property=\"og:image\" content=\"https:\/\/www.spielvereinigung08.de\/wp-content\/uploads\/2023\/09\/IMG_1106-scaled.jpg\" \/>\n<meta name=\"twitter:card\" content=\"summary_large_image\" \/>\n<meta name=\"twitter:label1\" content=\"Gesch\u00e4tzte Lesezeit\" \/>\n\t<meta name=\"twitter:data1\" content=\"2\u00a0Minuten\" \/>\n<script type=\"application\/ld+json\" class=\"yoast-schema-graph\">{\"@context\":\"https:\/\/schema.org\",\"@graph\":[{\"@type\":\"WebPage\",\"@id\":\"https:\/\/www.spielvereinigung08.de\/index.php\/d2-junioren\/\",\"url\":\"https:\/\/www.spielvereinigung08.de\/index.php\/d2-junioren\/\",\"name\":\"D2-Junioren - Spielvereinigung 08 eV.\",\"isPartOf\":{\"@id\":\"https:\/\/www.spielvereinigung08.de\/#website\"},\"primaryImageOfPage\":{\"@id\":\"https:\/\/www.spielvereinigung08.de\/index.php\/d2-junioren\/#primaryimage\"},\"image\":{\"@id\":\"https:\/\/www.spielvereinigung08.de\/index.php\/d2-junioren\/#primaryimage\"},\"thumbnailUrl\":\"https:\/\/www.spielvereinigung08.de\/wp-content\/uploads\/2023\/09\/IMG_1106-scaled.jpg\",\"datePublished\":\"2023-01-23T19:37:49+00:00\",\"dateModified\":\"2024-07-23T18:47:20+00:00\",\"breadcrumb\":{\"@id\":\"https:\/\/www.spielvereinigung08.de\/index.php\/d2-junioren\/#breadcrumb\"},\"inLanguage\":\"de\",\"potentialAction\":[{\"@type\":\"ReadAction\",\"target\":[\"https:\/\/www.spielvereinigung08.de\/index.php\/d2-junioren\/\"]}]},{\"@type\":\"ImageObject\",\"inLanguage\":\"de\",\"@id\":\"https:\/\/www.spielvereinigung08.de\/index.php\/d2-junioren\/#primaryimage\",\"url\":\"https:\/\/www.spielvereinigung08.de\/wp-content\/uploads\/2023\/09\/IMG_1106-scaled.jpg\",\"contentUrl\":\"https:\/\/www.spielvereinigung08.de\/wp-content\/uploads\/2023\/09\/IMG_1106-scaled.jpg\",\"width\":2560,\"height\":1707},{\"@type\":\"BreadcrumbList\",\"@id\":\"https:\/\/www.spielvereinigung08.de\/index.php\/d2-junioren\/#breadcrumb\",\"itemListElement\":[{\"@type\":\"ListItem\",\"position\":1,\"name\":\"Startseite\",\"item\":\"https:\/\/www.spielvereinigung08.de\/\"},{\"@type\":\"ListItem\",\"position\":2,\"name\":\"D2-Junioren\"}]},{\"@type\":\"WebSite\",\"@id\":\"https:\/\/www.spielvereinigung08.de\/#website\",\"url\":\"https:\/\/www.spielvereinigung08.de\/\",\"name\":\"Spielvereinigung 08 eV.\",\"description\":\"Fussball mit Herz und Seele\",\"potentialAction\":[{\"@type\":\"SearchAction\",\"target\":{\"@type\":\"EntryPoint\",\"urlTemplate\":\"https:\/\/www.spielvereinigung08.de\/?s={search_term_string}\"},\"query-input\":{\"@type\":\"PropertyValueSpecification\",\"valueRequired\":true,\"valueName\":\"search_term_string\"}}],\"inLanguage\":\"de\"}]}<\/script>\n<!-- \/ Yoast SEO plugin. -->","yoast_head_json":{"title":"D2-Junioren - Spielvereinigung 08 eV.","robots":{"index":"index","follow":"follow","max-snippet":"max-snippet:-1","max-image-preview":"max-image-preview:large","max-video-preview":"max-video-preview:-1"},"canonical":"https:\/\/www.spielvereinigung08.de\/index.php\/d2-junioren\/","og_locale":"de_DE","og_type":"article","og_title":"D2-Junioren - Spielvereinigung 08 eV.","og_description":"Markus Wenzel - Trainer D-Junioren 0176-46521742 Adnan Kayrakci - Trainer D-Junioren 0177-1865834 Herzlich willkommen auf der offiziellen Homepage der D-Jugend Fu\u00dfballmannschaft der Spvgg. 08 Bad Nauheim! Unsere Mannschaft besteht aus [&hellip;]","og_url":"https:\/\/www.spielvereinigung08.de\/index.php\/d2-junioren\/","og_site_name":"Spielvereinigung 08 eV.","article_modified_time":"2024-07-23T18:47:20+00:00","og_image":[{"url":"https:\/\/www.spielvereinigung08.de\/wp-content\/uploads\/2023\/09\/IMG_1106-scaled.jpg","type":"","width":"","height":""}],"twitter_card":"summary_large_image","twitter_misc":{"Gesch\u00e4tzte Lesezeit":"2\u00a0Minuten"},"schema":{"@context":"https:\/\/schema.org","@graph":[{"@type":"WebPage","@id":"https:\/\/www.spielvereinigung08.de\/index.php\/d2-junioren\/","url":"https:\/\/www.spielvereinigung08.de\/index.php\/d2-junioren\/","name":"D2-Junioren - Spielvereinigung 08 eV.","isPartOf":{"@id":"https:\/\/www.spielvereinigung08.de\/#website"},"primaryImageOfPage":{"@id":"https:\/\/www.spielvereinigung08.de\/index.php\/d2-junioren\/#primaryimage"},"image":{"@id":"https:\/\/www.spielvereinigung08.de\/index.php\/d2-junioren\/#primaryimage"},"thumbnailUrl":"https:\/\/www.spielvereinigung08.de\/wp-content\/uploads\/2023\/09\/IMG_1106-scaled.jpg","datePublished":"2023-01-23T19:37:49+00:00","dateModified":"2024-07-23T18:47:20+00:00","breadcrumb":{"@id":"https:\/\/www.spielvereinigung08.de\/index.php\/d2-junioren\/#breadcrumb"},"inLanguage":"de","potentialAction":[{"@type":"ReadAction","target":["https:\/\/www.spielvereinigung08.de\/index.php\/d2-junioren\/"]}]},{"@type":"ImageObject","inLanguage":"de","@id":"https:\/\/www.spielvereinigung08.de\/index.php\/d2-junioren\/#primaryimage","url":"https:\/\/www.spielvereinigung08.de\/wp-content\/uploads\/2023\/09\/IMG_1106-scaled.jpg","contentUrl":"https:\/\/www.spielvereinigung08.de\/wp-content\/uploads\/2023\/09\/IMG_1106-scaled.jpg","width":2560,"height":1707},{"@type":"BreadcrumbList","@id":"https:\/\/www.spielvereinigung08.de\/index.php\/d2-junioren\/#breadcrumb","itemListElement":[{"@type":"ListItem","position":1,"name":"Startseite","item":"https:\/\/www.spielvereinigung08.de\/"},{"@type":"ListItem","position":2,"name":"D2-Junioren"}]},{"@type":"WebSite","@id":"https:\/\/www.spielvereinigung08.de\/#website","url":"https:\/\/www.spielvereinigung08.de\/","name":"Spielvereinigung 08 eV.","description":"Fussball mit Herz und Seele","potentialAction":[{"@type":"SearchAction","target":{"@type":"EntryPoint","urlTemplate":"https:\/\/www.spielvereinigung08.de\/?s={search_term_string}"},"query-input":{"@type":"PropertyValueSpecification","valueRequired":true,"valueName":"search_term_string"}}],"inLanguage":"de"}]}},"_links":{"self":[{"href":"https:\/\/www.spielvereinigung08.de\/index.php\/wp-json\/wp\/v2\/pages\/8289","targetHints":{"allow":["GET"]}}],"collection":[{"href":"https:\/\/www.spielvereinigung08.de\/index.php\/wp-json\/wp\/v2\/pages"}],"about":[{"href":"https:\/\/www.spielvereinigung08.de\/index.php\/wp-json\/wp\/v2\/types\/page"}],"author":[{"embeddable":true,"href":"https:\/\/www.spielvereinigung08.de\/index.php\/wp-json\/wp\/v2\/users\/1"}],"replies":[{"embeddable":true,"href":"https:\/\/www.spielvereinigung08.de\/index.php\/wp-json\/wp\/v2\/comments?post=8289"}],"version-history":[{"count":15,"href":"https:\/\/www.spielvereinigung08.de\/index.php\/wp-json\/wp\/v2\/pages\/8289\/revisions"}],"predecessor-version":[{"id":8292,"href":"https:\/\/www.spielvereinigung08.de\/index.php\/wp-json\/wp\/v2\/pages\/8289\/revisions\/8292"}],"wp:attachment":[{"href":"https:\/\/www.spielvereinigung08.de\/index.php\/wp-json\/wp\/v2\/media?parent=8289"}],"curies":[{"name":"wp","href":"https:\/\/api.w.org\/{rel}","templated":true}]}}