{"id":9142,"date":"2023-10-04T12:01:00","date_gmt":"2023-10-04T12:01:00","guid":{"rendered":"https:\/\/www.spielvereinigung08.de\/?page_id=9142"},"modified":"2024-07-13T17:32:17","modified_gmt":"2024-07-13T17:32:17","slug":"juniorinnenu12","status":"publish","type":"page","link":"https:\/\/www.spielvereinigung08.de\/index.php\/juniorinnenu12\/","title":{"rendered":"Juniorinnen U12"},"content":{"rendered":"<div id=\"pl-9142\"  class=\"panel-layout\" ><div id=\"pg-9142-0\"  class=\"panel-grid panel-no-style\" ><div id=\"pgc-9142-0-0\"  class=\"panel-grid-cell\" ><div id=\"panel-9142-0-0-0\" class=\"so-panel widget widget_black-studio-tinymce widget_black_studio_tinymce panel-first-child\" data-index=\"0\" ><h3 class=\"widget-title\"><span class=\"light\">Ansprechpartner<\/span><\/h3><div class=\"textwidget\"><p><img fetchpriority=\"high\" decoding=\"async\" class=\"alignnone wp-image-6237\" src=\"https:\/\/www.spielvereinigung08.de\/wp-content\/uploads\/2022\/08\/Christian-Goerg.jpeg\" alt=\"Christian G\u00f6rg\" width=\"260\" height=\"318\" \/><\/p>\n<p>Christian G\u00f6rg - Juniorinnen U12<br \/>\nC-Lizenz Jugend und Torh\u00fcter <\/p>\n<h3><span style=\"color: #9fc612;\"><span style=\"color: #ababab;\"><span class=\"icon-wrap\"><i class=\"fas fa-phone\"><\/i><\/span>\u00a0<\/span>01516-4310774<\/span><\/h3>\n<\/div><\/div><div id=\"panel-9142-0-0-1\" class=\"so-panel widget widget_qt_icon_box widget-icon-box\" data-index=\"1\" >\t\t\t\t<div class=\"icon-box icon-big\">\n\t\t\t\t\t\t\t\t\t\t\t\t<i class=\"fa fas fa-mail-bulk\"><\/i>\n\t\t\t\t\t\t\t\t\t\t\t\t\t<h6 class=\"title\">E-Mail Adresse<\/h6>\n\t\t\t\t\t\t\t\t\t\t\t\t\t<span class=\"subtitle\">christiangoerg@posteo.de<\/span>\n\t\t\t\t\t\t\t<\/div>\n\n\t\t\t<\/div><div id=\"panel-9142-0-0-2\" class=\"so-panel widget widget_black-studio-tinymce widget_black_studio_tinymce\" data-index=\"2\" ><h3 class=\"widget-title\"><span class=\"light\">Ansprechpartner<\/span><\/h3><div class=\"textwidget\"><p><img decoding=\"async\" class=\"alignnone size-full wp-image-6237\" src=\"https:\/\/www.spielvereinigung08.de\/wp-content\/uploads\/2023\/10\/Foto-Bjoern-scaled.jpg\" alt=\"Bj\u00f6rn Hergenr\u00f6ther\" width=\"245\" height=\"240\" \/><\/p>\n<p>Bj\u00f6rn Hergenr\u00f6ther - Juniorinnen U12<\/p>\n<h3><span style=\"color: #9fc612;\"><span style=\"color: #ababab;\"><span class=\"icon-wrap\"><i class=\"fas fa-phone\"><\/i><\/span>\u00a0<\/span>015905238031<\/span><\/h3>\n<\/div><\/div><div id=\"panel-9142-0-0-3\" class=\"so-panel widget widget_qt_icon_box widget-icon-box\" data-index=\"3\" >\t\t\t\t<div class=\"icon-box icon-big\">\n\t\t\t\t\t\t\t\t\t\t\t\t<i class=\"fa fas fa-mail-bulk\"><\/i>\n\t\t\t\t\t\t\t\t\t\t\t\t\t<h6 class=\"title\">E-Mail Adresse<\/h6>\n\t\t\t\t\t\t\t\t\t\t\t\t\t<span class=\"subtitle\">b.hergenroether@web.de<\/span>\n\t\t\t\t\t\t\t<\/div>\n\n\t\t\t<\/div><div id=\"panel-9142-0-0-4\" class=\"so-panel widget widget_qt_icon_box widget-icon-box panel-last-child\" data-index=\"4\" >\t\t\t\t<div class=\"icon-box icon-big\">\n\t\t\t\t\t\t\t\t\t\t\t\t<i class=\"fa far fa-futbol\"><\/i>\n\t\t\t\t\t\t\t\t\t\t\t\t\t<h6 class=\"title\">Trainingszeiten<\/h6>\n\t\t\t\t\t\t\t\t\t\t\t\t\t<span class=\"subtitle\">Montag 18:00 - 19:30 Kunstrasen  &amp; Mittwoch 18:00 - 19:30 Rasen im Waldstadion<\/span>\n\t\t\t\t\t\t\t<\/div>\n\n\t\t\t<\/div><\/div><div id=\"pgc-9142-0-1\"  class=\"panel-grid-cell\" ><div id=\"panel-9142-0-1-0\" class=\"so-panel widget widget_black-studio-tinymce widget_black_studio_tinymce panel-first-child\" data-index=\"5\" ><h3 class=\"widget-title\"><span class=\"light\">U12<\/span> Juniorinnen Spielvereiningung 08<\/h3><div class=\"textwidget\"><p><strong>Wer sind wir:<\/strong><\/p>\n<ul>\n<li>D-Juniorinnen (U13\/U12): U12 Juniorinnen der Saison 2024\/25 sind die Jahrg\u00e4nge 2012 und 2013<\/li>\n<li>Jahrgang 2012\/2013<\/li>\n<li>Trainer Christian G\u00f6rg und Bj\u00f6rn Hergenr\u00f6ther<\/li>\n<li>Frauen- und M\u00e4dchen-Abteilung der Spielvereinigung 08 Bad Nauheim<\/li>\n<\/ul>\n<p><strong>Was machen wir:<\/strong><\/p>\n<ul>\n<li>2 x pro Woche Training<\/li>\n<li>1 x pro Woche Torwarttraining (Christian)<\/li>\n<li>Meisterschaftsspiele in der Liga A \u2013 h\u00f6chste Spielklasse in der U12-Klasse im Raum Frankfurt<\/li>\n<li>Teilnahme an Turnieren und Pokalspielen<\/li>\n<li>Aktivit\u00e4ten au\u00dferhalb des Trainings- und Spielbetriebs<\/li>\n<\/ul>\n<p><strong>Wo spielen wir:<\/strong><\/p>\n<ul>\n<li>im wohl sch\u00f6nsten Stadion in der Wetterau (Hessen), Waldstadion Bad Nauheim<\/li>\n<li>2 Fu\u00dfballpl\u00e4tze, je einen Rasen- und Kunstrasenplatz<\/li>\n<\/ul>\n<\/div><\/div><div id=\"panel-9142-0-1-1\" class=\"so-panel widget widget_media_image\" data-index=\"6\" ><img decoding=\"async\" width=\"1024\" height=\"768\" src=\"https:\/\/www.spielvereinigung08.de\/wp-content\/uploads\/2023\/10\/U12-Mannschaftsfoto-1024x768.jpg\" class=\"image wp-image-9144  attachment-large size-large\" alt=\"\" style=\"max-width: 100%; height: auto;\" srcset=\"https:\/\/www.spielvereinigung08.de\/wp-content\/uploads\/2023\/10\/U12-Mannschaftsfoto-1024x768.jpg 1024w, https:\/\/www.spielvereinigung08.de\/wp-content\/uploads\/2023\/10\/U12-Mannschaftsfoto-300x225.jpg 300w, https:\/\/www.spielvereinigung08.de\/wp-content\/uploads\/2023\/10\/U12-Mannschaftsfoto-768x576.jpg 768w, https:\/\/www.spielvereinigung08.de\/wp-content\/uploads\/2023\/10\/U12-Mannschaftsfoto-1536x1152.jpg 1536w, https:\/\/www.spielvereinigung08.de\/wp-content\/uploads\/2023\/10\/U12-Mannschaftsfoto-2048x1536.jpg 2048w, https:\/\/www.spielvereinigung08.de\/wp-content\/uploads\/2023\/10\/U12-Mannschaftsfoto-600x450.jpg 600w\" sizes=\"(max-width: 1024px) 100vw, 1024px\" \/><\/div><div id=\"panel-9142-0-1-2\" class=\"so-panel widget widget_ifdw_fubade_widget panel-last-child\" data-index=\"7\" >\n<h3 class=\"widget-title\"><\/h3>\n<div id=\"fubade-64-VF26E\" class=\"include-fussball-de-widgets\">\n\t<iframe src='\/\/www.fussball.de\/widget2\/-\/schluessel\/02N8VV53IK000000VUM1DNOQVS2VF26E\/target\/fubade-64-VF26E\/caller\/www.spielvereinigung08.de' width='900px' height='100%' scrolling='no' style='border: 1px solid #CECECE; overflow: hidden; min-height: 200px;'><\/iframe>\n<\/div>\n<\/div>\n<\/div><\/div><\/div>","protected":false},"excerpt":{"rendered":"<p>Christian G\u00f6rg &#8211; Juniorinnen U12 C-Lizenz Jugend und Torh\u00fcter \u00a001516-4310774 Bj\u00f6rn Hergenr\u00f6ther &#8211; Juniorinnen U12 \u00a0015905238031 Wer sind wir: D-Juniorinnen (U13\/U12): U12 Juniorinnen der Saison 2024\/25 sind die Jahrg\u00e4nge 2012 [&hellip;]<\/p>\n","protected":false},"author":1,"featured_media":0,"parent":0,"menu_order":0,"comment_status":"closed","ping_status":"closed","template":"","meta":{"_monsterinsights_skip_tracking":false,"_monsterinsights_sitenote_active":false,"_monsterinsights_sitenote_note":"","_monsterinsights_sitenote_category":0,"_EventAllDay":false,"_EventTimezone":"","_EventStartDate":"","_EventEndDate":"","_EventStartDateUTC":"","_EventEndDateUTC":"","_EventShowMap":false,"_EventShowMapLink":false,"_EventURL":"","_EventCost":"","_EventCostDescription":"","_EventCurrencySymbol":"","_EventCurrencyCode":"","_EventCurrencyPosition":"","_EventDateTimeSeparator":"","_EventTimeRangeSeparator":"","_EventOrganizerID":[],"_EventVenueID":[],"_OrganizerEmail":"","_OrganizerPhone":"","_OrganizerWebsite":"","_VenueAddress":"","_VenueCity":"","_VenueCountry":"","_VenueProvince":"","_VenueState":"","_VenueZip":"","_VenuePhone":"","_VenueURL":"","_VenueStateProvince":"","_VenueLat":"","_VenueLng":"","_VenueShowMap":false,"_VenueShowMapLink":false,"footnotes":""},"class_list":["post-9142","page","type-page","status-publish","hentry"],"yoast_head":"<!-- This site is optimized with the Yoast SEO plugin v26.7 - https:\/\/yoast.com\/wordpress\/plugins\/seo\/ -->\n<title>Juniorinnen U12 - Spielvereinigung 08 eV.<\/title>\n<meta name=\"robots\" content=\"index, follow, max-snippet:-1, max-image-preview:large, max-video-preview:-1\" \/>\n<link rel=\"canonical\" href=\"https:\/\/www.spielvereinigung08.de\/index.php\/juniorinnenu12\/\" \/>\n<meta property=\"og:locale\" content=\"de_DE\" \/>\n<meta property=\"og:type\" content=\"article\" \/>\n<meta property=\"og:title\" content=\"Juniorinnen U12 - Spielvereinigung 08 eV.\" \/>\n<meta property=\"og:description\" content=\"Christian G\u00f6rg - Juniorinnen U12 C-Lizenz Jugend und Torh\u00fcter \u00a001516-4310774 Bj\u00f6rn Hergenr\u00f6ther - Juniorinnen U12 \u00a0015905238031 Wer sind wir: D-Juniorinnen (U13\/U12): U12 Juniorinnen der Saison 2024\/25 sind die Jahrg\u00e4nge 2012 [&hellip;]\" \/>\n<meta property=\"og:url\" content=\"https:\/\/www.spielvereinigung08.de\/index.php\/juniorinnenu12\/\" \/>\n<meta property=\"og:site_name\" content=\"Spielvereinigung 08 eV.\" \/>\n<meta property=\"article:modified_time\" content=\"2024-07-13T17:32:17+00:00\" \/>\n<meta property=\"og:image\" content=\"https:\/\/www.spielvereinigung08.de\/wp-content\/uploads\/2022\/08\/Christian-Goerg.jpeg\" \/>\n<meta name=\"twitter:card\" content=\"summary_large_image\" \/>\n<meta name=\"twitter:label1\" content=\"Gesch\u00e4tzte Lesezeit\" \/>\n\t<meta name=\"twitter:data1\" content=\"2\u00a0Minuten\" \/>\n<script type=\"application\/ld+json\" class=\"yoast-schema-graph\">{\"@context\":\"https:\/\/schema.org\",\"@graph\":[{\"@type\":\"WebPage\",\"@id\":\"https:\/\/www.spielvereinigung08.de\/index.php\/juniorinnenu12\/\",\"url\":\"https:\/\/www.spielvereinigung08.de\/index.php\/juniorinnenu12\/\",\"name\":\"Juniorinnen U12 - Spielvereinigung 08 eV.\",\"isPartOf\":{\"@id\":\"https:\/\/www.spielvereinigung08.de\/#website\"},\"primaryImageOfPage\":{\"@id\":\"https:\/\/www.spielvereinigung08.de\/index.php\/juniorinnenu12\/#primaryimage\"},\"image\":{\"@id\":\"https:\/\/www.spielvereinigung08.de\/index.php\/juniorinnenu12\/#primaryimage\"},\"thumbnailUrl\":\"https:\/\/www.spielvereinigung08.de\/wp-content\/uploads\/2022\/08\/Christian-Goerg.jpeg\",\"datePublished\":\"2023-10-04T12:01:00+00:00\",\"dateModified\":\"2024-07-13T17:32:17+00:00\",\"breadcrumb\":{\"@id\":\"https:\/\/www.spielvereinigung08.de\/index.php\/juniorinnenu12\/#breadcrumb\"},\"inLanguage\":\"de\",\"potentialAction\":[{\"@type\":\"ReadAction\",\"target\":[\"https:\/\/www.spielvereinigung08.de\/index.php\/juniorinnenu12\/\"]}]},{\"@type\":\"ImageObject\",\"inLanguage\":\"de\",\"@id\":\"https:\/\/www.spielvereinigung08.de\/index.php\/juniorinnenu12\/#primaryimage\",\"url\":\"https:\/\/www.spielvereinigung08.de\/wp-content\/uploads\/2022\/08\/Christian-Goerg.jpeg\",\"contentUrl\":\"https:\/\/www.spielvereinigung08.de\/wp-content\/uploads\/2022\/08\/Christian-Goerg.jpeg\",\"width\":1152,\"height\":1536},{\"@type\":\"BreadcrumbList\",\"@id\":\"https:\/\/www.spielvereinigung08.de\/index.php\/juniorinnenu12\/#breadcrumb\",\"itemListElement\":[{\"@type\":\"ListItem\",\"position\":1,\"name\":\"Startseite\",\"item\":\"https:\/\/www.spielvereinigung08.de\/\"},{\"@type\":\"ListItem\",\"position\":2,\"name\":\"Juniorinnen U12\"}]},{\"@type\":\"WebSite\",\"@id\":\"https:\/\/www.spielvereinigung08.de\/#website\",\"url\":\"https:\/\/www.spielvereinigung08.de\/\",\"name\":\"Spielvereinigung 08 eV.\",\"description\":\"Fussball mit Herz und Seele\",\"potentialAction\":[{\"@type\":\"SearchAction\",\"target\":{\"@type\":\"EntryPoint\",\"urlTemplate\":\"https:\/\/www.spielvereinigung08.de\/?s={search_term_string}\"},\"query-input\":{\"@type\":\"PropertyValueSpecification\",\"valueRequired\":true,\"valueName\":\"search_term_string\"}}],\"inLanguage\":\"de\"}]}<\/script>\n<!-- \/ Yoast SEO plugin. -->","yoast_head_json":{"title":"Juniorinnen U12 - Spielvereinigung 08 eV.","robots":{"index":"index","follow":"follow","max-snippet":"max-snippet:-1","max-image-preview":"max-image-preview:large","max-video-preview":"max-video-preview:-1"},"canonical":"https:\/\/www.spielvereinigung08.de\/index.php\/juniorinnenu12\/","og_locale":"de_DE","og_type":"article","og_title":"Juniorinnen U12 - Spielvereinigung 08 eV.","og_description":"Christian G\u00f6rg - Juniorinnen U12 C-Lizenz Jugend und Torh\u00fcter \u00a001516-4310774 Bj\u00f6rn Hergenr\u00f6ther - Juniorinnen U12 \u00a0015905238031 Wer sind wir: D-Juniorinnen (U13\/U12): U12 Juniorinnen der Saison 2024\/25 sind die Jahrg\u00e4nge 2012 [&hellip;]","og_url":"https:\/\/www.spielvereinigung08.de\/index.php\/juniorinnenu12\/","og_site_name":"Spielvereinigung 08 eV.","article_modified_time":"2024-07-13T17:32:17+00:00","og_image":[{"url":"https:\/\/www.spielvereinigung08.de\/wp-content\/uploads\/2022\/08\/Christian-Goerg.jpeg","type":"","width":"","height":""}],"twitter_card":"summary_large_image","twitter_misc":{"Gesch\u00e4tzte Lesezeit":"2\u00a0Minuten"},"schema":{"@context":"https:\/\/schema.org","@graph":[{"@type":"WebPage","@id":"https:\/\/www.spielvereinigung08.de\/index.php\/juniorinnenu12\/","url":"https:\/\/www.spielvereinigung08.de\/index.php\/juniorinnenu12\/","name":"Juniorinnen U12 - Spielvereinigung 08 eV.","isPartOf":{"@id":"https:\/\/www.spielvereinigung08.de\/#website"},"primaryImageOfPage":{"@id":"https:\/\/www.spielvereinigung08.de\/index.php\/juniorinnenu12\/#primaryimage"},"image":{"@id":"https:\/\/www.spielvereinigung08.de\/index.php\/juniorinnenu12\/#primaryimage"},"thumbnailUrl":"https:\/\/www.spielvereinigung08.de\/wp-content\/uploads\/2022\/08\/Christian-Goerg.jpeg","datePublished":"2023-10-04T12:01:00+00:00","dateModified":"2024-07-13T17:32:17+00:00","breadcrumb":{"@id":"https:\/\/www.spielvereinigung08.de\/index.php\/juniorinnenu12\/#breadcrumb"},"inLanguage":"de","potentialAction":[{"@type":"ReadAction","target":["https:\/\/www.spielvereinigung08.de\/index.php\/juniorinnenu12\/"]}]},{"@type":"ImageObject","inLanguage":"de","@id":"https:\/\/www.spielvereinigung08.de\/index.php\/juniorinnenu12\/#primaryimage","url":"https:\/\/www.spielvereinigung08.de\/wp-content\/uploads\/2022\/08\/Christian-Goerg.jpeg","contentUrl":"https:\/\/www.spielvereinigung08.de\/wp-content\/uploads\/2022\/08\/Christian-Goerg.jpeg","width":1152,"height":1536},{"@type":"BreadcrumbList","@id":"https:\/\/www.spielvereinigung08.de\/index.php\/juniorinnenu12\/#breadcrumb","itemListElement":[{"@type":"ListItem","position":1,"name":"Startseite","item":"https:\/\/www.spielvereinigung08.de\/"},{"@type":"ListItem","position":2,"name":"Juniorinnen U12"}]},{"@type":"WebSite","@id":"https:\/\/www.spielvereinigung08.de\/#website","url":"https:\/\/www.spielvereinigung08.de\/","name":"Spielvereinigung 08 eV.","description":"Fussball mit Herz und Seele","potentialAction":[{"@type":"SearchAction","target":{"@type":"EntryPoint","urlTemplate":"https:\/\/www.spielvereinigung08.de\/?s={search_term_string}"},"query-input":{"@type":"PropertyValueSpecification","valueRequired":true,"valueName":"search_term_string"}}],"inLanguage":"de"}]}},"_links":{"self":[{"href":"https:\/\/www.spielvereinigung08.de\/index.php\/wp-json\/wp\/v2\/pages\/9142","targetHints":{"allow":["GET"]}}],"collection":[{"href":"https:\/\/www.spielvereinigung08.de\/index.php\/wp-json\/wp\/v2\/pages"}],"about":[{"href":"https:\/\/www.spielvereinigung08.de\/index.php\/wp-json\/wp\/v2\/types\/page"}],"author":[{"embeddable":true,"href":"https:\/\/www.spielvereinigung08.de\/index.php\/wp-json\/wp\/v2\/users\/1"}],"replies":[{"embeddable":true,"href":"https:\/\/www.spielvereinigung08.de\/index.php\/wp-json\/wp\/v2\/comments?post=9142"}],"version-history":[{"count":10,"href":"https:\/\/www.spielvereinigung08.de\/index.php\/wp-json\/wp\/v2\/pages\/9142\/revisions"}],"predecessor-version":[{"id":9147,"href":"https:\/\/www.spielvereinigung08.de\/index.php\/wp-json\/wp\/v2\/pages\/9142\/revisions\/9147"}],"wp:attachment":[{"href":"https:\/\/www.spielvereinigung08.de\/index.php\/wp-json\/wp\/v2\/media?parent=9142"}],"curies":[{"name":"wp","href":"https:\/\/api.w.org\/{rel}","templated":true}]}}