{"id":9690,"date":"2025-08-28T12:47:18","date_gmt":"2025-08-28T12:47:18","guid":{"rendered":"https:\/\/www.spielvereinigung08.de\/?page_id=9690"},"modified":"2025-09-12T10:27:18","modified_gmt":"2025-09-12T10:27:18","slug":"frauen-maedchen","status":"publish","type":"page","link":"https:\/\/www.spielvereinigung08.de\/index.php\/frauen-maedchen\/","title":{"rendered":"Frauen &#038; M\u00e4dchen"},"content":{"rendered":"<div id=\"pl-9690\"  class=\"panel-layout\" ><div id=\"pg-9690-0\"  class=\"panel-grid panel-no-style\" ><div id=\"pgc-9690-0-0\"  class=\"panel-grid-cell\" ><div id=\"panel-9690-0-0-0\" class=\"so-panel widget widget_media_image panel-first-child\" data-index=\"0\" ><img fetchpriority=\"high\" decoding=\"async\" width=\"865\" height=\"795\" src=\"https:\/\/www.spielvereinigung08.de\/wp-content\/uploads\/2025\/09\/Screenshot-2025-08-30-at-20-44-13-Instagram.png\" class=\"image wp-image-9761  attachment-full size-full\" alt=\"\" style=\"max-width: 100%; height: auto;\" srcset=\"https:\/\/www.spielvereinigung08.de\/wp-content\/uploads\/2025\/09\/Screenshot-2025-08-30-at-20-44-13-Instagram.png 865w, https:\/\/www.spielvereinigung08.de\/wp-content\/uploads\/2025\/09\/Screenshot-2025-08-30-at-20-44-13-Instagram-300x276.png 300w, https:\/\/www.spielvereinigung08.de\/wp-content\/uploads\/2025\/09\/Screenshot-2025-08-30-at-20-44-13-Instagram-768x706.png 768w, https:\/\/www.spielvereinigung08.de\/wp-content\/uploads\/2025\/09\/Screenshot-2025-08-30-at-20-44-13-Instagram-600x551.png 600w\" sizes=\"(max-width: 865px) 100vw, 865px\" \/><\/div><div id=\"panel-9690-0-0-1\" class=\"widget_text so-panel widget widget_custom_html panel-last-child\" data-index=\"1\" ><div class=\"textwidget custom-html-widget\"><!DOCTYPE html>\n<html lang=\"de\">\n<head>\n  <meta charset=\"UTF-8\">\n  <meta name=\"viewport\" content=\"width=device-width, initial-scale=1.0\">\n  <title>Kontakte Trainingsplan Frauen & M\u00e4dchen<\/title>\n  <style>\n    body {\n      font-family: Arial, sans-serif;\n      margin: 20px;\n      background-color: #f9f9f9;\n      color: #000;\n    }\n    h2 {\n      color: #1e90ff;\n    }\n    p.hinweis {\n      font-style: italic;\n      margin-bottom: 15px;\n      color: #444;\n    }\n    table {\n      width: 100%;\n      border-collapse: collapse;\n      margin-top: 10px;\n      overflow-x: auto;\n      display: block;\n    }\n    caption {\n      font-size: 1.5em;\n      font-weight: bold;\n      padding: 10px;\n      color: #cc0000;\n    }\n    th, td {\n      border: 1px solid #ccc;\n      padding: 10px;\n      text-align: left;\n    }\n    th {\n      background-color: #1e90ff; \/* Blau *\/\n      color: #fff;\n    }\n    tr:nth-child(even) {\n      background-color: #f2f2f2; \/* Hellgrau *\/\n    }\n    tr:nth-child(odd) {\n      background-color: #e6f7ff; \/* Hellblau *\/\n    }\n    a {\n      color: #1e90ff;\n      text-decoration: none;\n      font-weight: bold;\n    }\n    a:hover {\n      text-decoration: underline;\n      color: #cc0000;\n    }\n\n    \/* Responsive Design *\/\n    @media (max-width: 768px) {\n      table, thead, tbody, th, td, tr {\n        display: block;\n        width: 100%;\n      }\n      thead {\n        display: none;\n      }\n      tr {\n        margin-bottom: 15px;\n        border: 1px solid #ccc;\n        border-radius: 8px;\n        overflow: hidden;\n        background: #fff;\n      }\n      td {\n        display: flex;\n        justify-content: space-between;\n        padding: 10px;\n        border: none;\n        border-bottom: 1px solid #eee;\n      }\n      td::before {\n        content: attr(data-label);\n        font-weight: bold;\n      }\n    }\n  <\/style>\n<\/head>\n<body>\n\n  <h2>Trainingsplan Frauen & M\u00e4dchen<\/h2>\n<!--  <p class=\"hinweis\">Alle Trainingseinheiten der Frauen- und M\u00e4dchenmannschaften finden im Bad Nauheimer Waldstadion statt.<\/p> -->\n\n  <table>\n    <caption>Frauen und M\u00e4dchen<\/caption>\n    <thead>\n      <tr>\n        <th>Mannschaft<\/th>\n        <th>Liga<\/th>\n        <th>Trainer 1<\/th>\n        <th>Tel.<\/th>\n        <th>Trainer 2<\/th>\n        <th>Tel.<\/th>\n        <th>Trainingszeiten<\/th>\n      <\/tr>\n    <\/thead>\n    <tbody>\n      <tr>\n        <td data-label=\"Mannschaft\"><a href=\"https:\/\/www.spielvereinigung08.de\/index.php\/frauen-i-25-26\/\">Frauen<\/a><\/td>\n        <td data-label=\"Liga\">KOL<\/td>\n        <td data-label=\"Trainer 1\">Dirk Schneider<\/td>\n        <td data-label=\"Tel.\">0157 83858325<\/td>\n        <td data-label=\"Trainer 2\">Meikel Kammer<\/td>\n        <td data-label=\"Tel.\">0172-6668600<\/td>\n        <td data-label=\"Trainingszeiten\">Di & DO 19:30\u201321:00 auf dem KR<\/td>\n      <\/tr>\n      <tr>\n        <td data-label=\"Mannschaft\"><a href=\"https:\/\/www.spielvereinigung08.de\/index.php\/frauen-ii-25-26\/\">Frauen II<\/a><\/td>\n        <td data-label=\"Liga\">Kreisliga B<\/td>\n        <td data-label=\"Trainer 1\">Jens Quiram<\/td>\n        <td data-label=\"Tel.\">0172-3039244<\/td>\n        <td data-label=\"Trainer 2\">Oral Cag<\/td>\n        <td data-label=\"Tel.\">0173-3476809<\/td>\n        <td data-label=\"Trainingszeiten\">Di & DO 19:30\u201321:00 auf dem KR<\/td>\n      <\/tr>\n      <tr>\n        <td data-label=\"Mannschaft\"><a href=\"https:\/\/www.spielvereinigung08.de\/index.php\/b-juniorinnen-25-26\/\">U16-Juniorinnen<\/a><\/td>\n        <td data-label=\"Liga\">BM Hessenliga<\/td>\n        <td data-label=\"Trainer 1\">Miguel Usic<\/td>\n        <td data-label=\"Tel.\">0172-4358504<\/td>\n        <td data-label=\"Trainer 2\">Fahim Watan<\/td>\n        <td data-label=\"Tel.\">0179-4856334<\/td>\n        <td data-label=\"Trainingszeiten\">Di 18:00-19:30 im Waldstadion . Do 17:30-19:00 Uhr in Schwalheim<\/td>\n      <\/tr>\n      <tr>\n        <td data-label=\"Mannschaft\"><a href=\"https:\/\/www.spielvereinigung08.de\/index.php\/c-juniorinnen-25-26-2\/\">U14-Juniorinnen<\/a><\/td>\n        <td data-label=\"Liga\">C-Juniorinnen GL S\u00fcd<\/td>\n        <td data-label=\"Trainer 1\">Christian G\u00f6rg<\/td>\n        <td data-label=\"Tel.\">01516-4310774<\/td>\n        <td data-label=\"Trainer 2\">Bj\u00f6rn Hergenr\u00f6ther<\/td>\n        <td data-label=\"Tel.\">01590-5238031<\/td>\n        <td data-label=\"Trainingszeiten\">Mo. 18:00-19:30 KR, Mi 18:30-20:00 KR<\/td>\n      <\/tr>\n      <tr>\n        <td data-label=\"Mannschaft\"><a href=\"https:\/\/www.spielvereinigung08.de\/index.php\/d-juniorinnen-25-26\/\">U12-Juniorinnen<\/a><\/td>\n        <td data-label=\"Liga\">D-Juniorinnen<\/td>\n        <td data-label=\"Trainer 1\">Bastian Effe<\/td>\n        <td data-label=\"Tel.\">0172-5250313<\/td>\n        <td data-label=\"Trainer 2\">Tobias Bohnke<\/td>\n        <td data-label=\"Tel.\">0170-7724431<\/td>\n        <td data-label=\"Trainingszeiten\">Mo. 18:00-19:30 KR, Mi 18:30-20:00 KR<\/td>\n      <\/tr>\n      <tr>\n        <td data-label=\"Mannschaft\"><a href=\"https:\/\/www.spielvereinigung08.de\/index.php\/juniorinnen-u10\/\">U10-Juniorinnen<\/a><\/td>\n        <td data-label=\"Liga\">Kinderfu\u00dfball<\/td>\n        <td data-label=\"Trainer 1\">Nicole Schuster<\/td>\n        <td data-label=\"Tel.\">0177-4930131<\/td>\n        <td data-label=\"Trainer 2\">Munira Ressel<\/td>\n        <td data-label=\"Tel.\">0179-4387806<\/td>\n        <td data-label=\"Trainingszeiten\">Di & Mi 17:00\u201318:30 auf dem Rasen<\/td>\n      <\/tr>\n    <\/tbody>\n  <\/table>\n<\/body>\n<\/html><\/div><\/div><\/div><\/div><\/div>","protected":false},"excerpt":{"rendered":"<p>Kontakte Trainingsplan Frauen &#038; M\u00e4dchen Trainingsplan Frauen &#038; M\u00e4dchen Frauen und M\u00e4dchen Mannschaft Liga Trainer 1 Tel. Trainer 2 Tel. Trainingszeiten Frauen KOL Dirk Schneider 0157 83858325 Meikel Kammer 0172-6668600 [&hellip;]<\/p>\n","protected":false},"author":1,"featured_media":0,"parent":0,"menu_order":0,"comment_status":"closed","ping_status":"closed","template":"","meta":{"_monsterinsights_skip_tracking":false,"_monsterinsights_sitenote_active":false,"_monsterinsights_sitenote_note":"","_monsterinsights_sitenote_category":0,"_EventAllDay":false,"_EventTimezone":"","_EventStartDate":"","_EventEndDate":"","_EventStartDateUTC":"","_EventEndDateUTC":"","_EventShowMap":false,"_EventShowMapLink":false,"_EventURL":"","_EventCost":"","_EventCostDescription":"","_EventCurrencySymbol":"","_EventCurrencyCode":"","_EventCurrencyPosition":"","_EventDateTimeSeparator":"","_EventTimeRangeSeparator":"","_EventOrganizerID":[],"_EventVenueID":[],"_OrganizerEmail":"","_OrganizerPhone":"","_OrganizerWebsite":"","_VenueAddress":"","_VenueCity":"","_VenueCountry":"","_VenueProvince":"","_VenueState":"","_VenueZip":"","_VenuePhone":"","_VenueURL":"","_VenueStateProvince":"","_VenueLat":"","_VenueLng":"","_VenueShowMap":false,"_VenueShowMapLink":false,"footnotes":""},"class_list":["post-9690","page","type-page","status-publish","hentry"],"yoast_head":"<!-- This site is optimized with the Yoast SEO plugin v26.7 - https:\/\/yoast.com\/wordpress\/plugins\/seo\/ -->\n<title>Frauen &amp; M\u00e4dchen - Spielvereinigung 08 eV.<\/title>\n<meta name=\"robots\" content=\"index, follow, max-snippet:-1, max-image-preview:large, max-video-preview:-1\" \/>\n<link rel=\"canonical\" href=\"https:\/\/www.spielvereinigung08.de\/index.php\/frauen-maedchen\/\" \/>\n<meta property=\"og:locale\" content=\"de_DE\" \/>\n<meta property=\"og:type\" content=\"article\" \/>\n<meta property=\"og:title\" content=\"Frauen &amp; M\u00e4dchen - Spielvereinigung 08 eV.\" \/>\n<meta property=\"og:description\" content=\"Kontakte Trainingsplan Frauen &amp; M\u00e4dchen Trainingsplan Frauen &amp; M\u00e4dchen Frauen und M\u00e4dchen Mannschaft Liga Trainer 1 Tel. Trainer 2 Tel. Trainingszeiten Frauen KOL Dirk Schneider 0157 83858325 Meikel Kammer 0172-6668600 [&hellip;]\" \/>\n<meta property=\"og:url\" content=\"https:\/\/www.spielvereinigung08.de\/index.php\/frauen-maedchen\/\" \/>\n<meta property=\"og:site_name\" content=\"Spielvereinigung 08 eV.\" \/>\n<meta property=\"article:modified_time\" content=\"2025-09-12T10:27:18+00:00\" \/>\n<meta name=\"twitter:card\" content=\"summary_large_image\" \/>\n<meta name=\"twitter:label1\" content=\"Gesch\u00e4tzte Lesezeit\" \/>\n\t<meta name=\"twitter:data1\" content=\"1\u00a0Minute\" \/>\n<script type=\"application\/ld+json\" class=\"yoast-schema-graph\">{\"@context\":\"https:\/\/schema.org\",\"@graph\":[{\"@type\":\"WebPage\",\"@id\":\"https:\/\/www.spielvereinigung08.de\/index.php\/frauen-maedchen\/\",\"url\":\"https:\/\/www.spielvereinigung08.de\/index.php\/frauen-maedchen\/\",\"name\":\"Frauen & M\u00e4dchen - Spielvereinigung 08 eV.\",\"isPartOf\":{\"@id\":\"https:\/\/www.spielvereinigung08.de\/#website\"},\"datePublished\":\"2025-08-28T12:47:18+00:00\",\"dateModified\":\"2025-09-12T10:27:18+00:00\",\"breadcrumb\":{\"@id\":\"https:\/\/www.spielvereinigung08.de\/index.php\/frauen-maedchen\/#breadcrumb\"},\"inLanguage\":\"de\",\"potentialAction\":[{\"@type\":\"ReadAction\",\"target\":[\"https:\/\/www.spielvereinigung08.de\/index.php\/frauen-maedchen\/\"]}]},{\"@type\":\"BreadcrumbList\",\"@id\":\"https:\/\/www.spielvereinigung08.de\/index.php\/frauen-maedchen\/#breadcrumb\",\"itemListElement\":[{\"@type\":\"ListItem\",\"position\":1,\"name\":\"Startseite\",\"item\":\"https:\/\/www.spielvereinigung08.de\/\"},{\"@type\":\"ListItem\",\"position\":2,\"name\":\"Frauen &#038; M\u00e4dchen\"}]},{\"@type\":\"WebSite\",\"@id\":\"https:\/\/www.spielvereinigung08.de\/#website\",\"url\":\"https:\/\/www.spielvereinigung08.de\/\",\"name\":\"Spielvereinigung 08 eV.\",\"description\":\"Fussball mit Herz und Seele\",\"potentialAction\":[{\"@type\":\"SearchAction\",\"target\":{\"@type\":\"EntryPoint\",\"urlTemplate\":\"https:\/\/www.spielvereinigung08.de\/?s={search_term_string}\"},\"query-input\":{\"@type\":\"PropertyValueSpecification\",\"valueRequired\":true,\"valueName\":\"search_term_string\"}}],\"inLanguage\":\"de\"}]}<\/script>\n<!-- \/ Yoast SEO plugin. -->","yoast_head_json":{"title":"Frauen & M\u00e4dchen - Spielvereinigung 08 eV.","robots":{"index":"index","follow":"follow","max-snippet":"max-snippet:-1","max-image-preview":"max-image-preview:large","max-video-preview":"max-video-preview:-1"},"canonical":"https:\/\/www.spielvereinigung08.de\/index.php\/frauen-maedchen\/","og_locale":"de_DE","og_type":"article","og_title":"Frauen & M\u00e4dchen - Spielvereinigung 08 eV.","og_description":"Kontakte Trainingsplan Frauen & M\u00e4dchen Trainingsplan Frauen & M\u00e4dchen Frauen und M\u00e4dchen Mannschaft Liga Trainer 1 Tel. Trainer 2 Tel. Trainingszeiten Frauen KOL Dirk Schneider 0157 83858325 Meikel Kammer 0172-6668600 [&hellip;]","og_url":"https:\/\/www.spielvereinigung08.de\/index.php\/frauen-maedchen\/","og_site_name":"Spielvereinigung 08 eV.","article_modified_time":"2025-09-12T10:27:18+00:00","twitter_card":"summary_large_image","twitter_misc":{"Gesch\u00e4tzte Lesezeit":"1\u00a0Minute"},"schema":{"@context":"https:\/\/schema.org","@graph":[{"@type":"WebPage","@id":"https:\/\/www.spielvereinigung08.de\/index.php\/frauen-maedchen\/","url":"https:\/\/www.spielvereinigung08.de\/index.php\/frauen-maedchen\/","name":"Frauen & M\u00e4dchen - Spielvereinigung 08 eV.","isPartOf":{"@id":"https:\/\/www.spielvereinigung08.de\/#website"},"datePublished":"2025-08-28T12:47:18+00:00","dateModified":"2025-09-12T10:27:18+00:00","breadcrumb":{"@id":"https:\/\/www.spielvereinigung08.de\/index.php\/frauen-maedchen\/#breadcrumb"},"inLanguage":"de","potentialAction":[{"@type":"ReadAction","target":["https:\/\/www.spielvereinigung08.de\/index.php\/frauen-maedchen\/"]}]},{"@type":"BreadcrumbList","@id":"https:\/\/www.spielvereinigung08.de\/index.php\/frauen-maedchen\/#breadcrumb","itemListElement":[{"@type":"ListItem","position":1,"name":"Startseite","item":"https:\/\/www.spielvereinigung08.de\/"},{"@type":"ListItem","position":2,"name":"Frauen &#038; M\u00e4dchen"}]},{"@type":"WebSite","@id":"https:\/\/www.spielvereinigung08.de\/#website","url":"https:\/\/www.spielvereinigung08.de\/","name":"Spielvereinigung 08 eV.","description":"Fussball mit Herz und Seele","potentialAction":[{"@type":"SearchAction","target":{"@type":"EntryPoint","urlTemplate":"https:\/\/www.spielvereinigung08.de\/?s={search_term_string}"},"query-input":{"@type":"PropertyValueSpecification","valueRequired":true,"valueName":"search_term_string"}}],"inLanguage":"de"}]}},"_links":{"self":[{"href":"https:\/\/www.spielvereinigung08.de\/index.php\/wp-json\/wp\/v2\/pages\/9690","targetHints":{"allow":["GET"]}}],"collection":[{"href":"https:\/\/www.spielvereinigung08.de\/index.php\/wp-json\/wp\/v2\/pages"}],"about":[{"href":"https:\/\/www.spielvereinigung08.de\/index.php\/wp-json\/wp\/v2\/types\/page"}],"author":[{"embeddable":true,"href":"https:\/\/www.spielvereinigung08.de\/index.php\/wp-json\/wp\/v2\/users\/1"}],"replies":[{"embeddable":true,"href":"https:\/\/www.spielvereinigung08.de\/index.php\/wp-json\/wp\/v2\/comments?post=9690"}],"version-history":[{"count":14,"href":"https:\/\/www.spielvereinigung08.de\/index.php\/wp-json\/wp\/v2\/pages\/9690\/revisions"}],"predecessor-version":[{"id":9692,"href":"https:\/\/www.spielvereinigung08.de\/index.php\/wp-json\/wp\/v2\/pages\/9690\/revisions\/9692"}],"wp:attachment":[{"href":"https:\/\/www.spielvereinigung08.de\/index.php\/wp-json\/wp\/v2\/media?parent=9690"}],"curies":[{"name":"wp","href":"https:\/\/api.w.org\/{rel}","templated":true}]}}